{"id":13008,"date":"2020-11-18T16:57:58","date_gmt":"2020-11-18T15:57:58","guid":{"rendered":"https:\/\/marneantic.com\/?post_type=product&#038;p=13008"},"modified":"2024-06-09T17:16:51","modified_gmt":"2024-06-09T16:16:51","slug":"tablette-de-salle-de-bains-art-deco-4","status":"publish","type":"product","link":"https:\/\/marneantic.com\/index.php\/produit\/tablette-de-salle-de-bains-art-deco-4\/","title":{"rendered":"Tablette de salle de bains art-d\u00e9co"},"content":{"rendered":"","protected":false},"excerpt":{"rendered":"<p>Tablette de salle de bains art-d\u00e9co,compos\u00e9e de 2 supports en m\u00e9tal chrom\u00e9 et tablette en verre,le verre est neuf,longueur:60cm,profondeur:14.7cm,en tr\u00e8s bon \u00e9tat<\/p>\n","protected":false},"featured_media":13011,"comment_status":"open","ping_status":"closed","template":"","meta":{"_et_pb_use_builder":"","_et_pb_old_content":"","_et_gb_content_width":""},"product_cat":[44,31,16],"product_tag":[],"_links":{"self":[{"href":"https:\/\/marneantic.com\/index.php\/wp-json\/wp\/v2\/product\/13008"}],"collection":[{"href":"https:\/\/marneantic.com\/index.php\/wp-json\/wp\/v2\/product"}],"about":[{"href":"https:\/\/marneantic.com\/index.php\/wp-json\/wp\/v2\/types\/product"}],"replies":[{"embeddable":true,"href":"https:\/\/marneantic.com\/index.php\/wp-json\/wp\/v2\/comments?post=13008"}],"wp:featuredmedia":[{"embeddable":true,"href":"https:\/\/marneantic.com\/index.php\/wp-json\/wp\/v2\/media\/13011"}],"wp:attachment":[{"href":"https:\/\/marneantic.com\/index.php\/wp-json\/wp\/v2\/media?parent=13008"}],"wp:term":[{"taxonomy":"product_cat","embeddable":true,"href":"https:\/\/marneantic.com\/index.php\/wp-json\/wp\/v2\/product_cat?post=13008"},{"taxonomy":"product_tag","embeddable":true,"href":"https:\/\/marneantic.com\/index.php\/wp-json\/wp\/v2\/product_tag?post=13008"}],"curies":[{"name":"wp","href":"https:\/\/api.w.org\/{rel}","templated":true}]}}