{"id":13108,"date":"2020-12-01T17:06:10","date_gmt":"2020-12-01T16:06:10","guid":{"rendered":"https:\/\/marneantic.com\/?post_type=product&#038;p=13108"},"modified":"2021-06-19T12:17:47","modified_gmt":"2021-06-19T11:17:47","slug":"tasse-a-the-ancienne-en-porcelaine-de-mehun","status":"publish","type":"product","link":"https:\/\/marneantic.com\/index.php\/produit\/tasse-a-the-ancienne-en-porcelaine-de-mehun\/","title":{"rendered":"Tasse a th\u00e9 ancienne en porcelaine de Mehun"},"content":{"rendered":"","protected":false},"excerpt":{"rendered":"<p>Tasse a th\u00e9 ancienne en porcelaine de Mehun,d\u00e9cor floral et papillon,en bon \u00e9tat(petite usure du a l&rsquo;usage en fond de soucoupe) tasse hauteur:4cm,diametre:9.5cm,diam\u00e8tre soucoupe:14.7cm<\/p>\n","protected":false},"featured_media":13111,"comment_status":"closed","ping_status":"closed","template":"","meta":{"_et_pb_use_builder":"","_et_pb_old_content":"","_et_gb_content_width":""},"product_cat":[26,7],"product_tag":[],"_links":{"self":[{"href":"https:\/\/marneantic.com\/index.php\/wp-json\/wp\/v2\/product\/13108"}],"collection":[{"href":"https:\/\/marneantic.com\/index.php\/wp-json\/wp\/v2\/product"}],"about":[{"href":"https:\/\/marneantic.com\/index.php\/wp-json\/wp\/v2\/types\/product"}],"replies":[{"embeddable":true,"href":"https:\/\/marneantic.com\/index.php\/wp-json\/wp\/v2\/comments?post=13108"}],"wp:featuredmedia":[{"embeddable":true,"href":"https:\/\/marneantic.com\/index.php\/wp-json\/wp\/v2\/media\/13111"}],"wp:attachment":[{"href":"https:\/\/marneantic.com\/index.php\/wp-json\/wp\/v2\/media?parent=13108"}],"wp:term":[{"taxonomy":"product_cat","embeddable":true,"href":"https:\/\/marneantic.com\/index.php\/wp-json\/wp\/v2\/product_cat?post=13108"},{"taxonomy":"product_tag","embeddable":true,"href":"https:\/\/marneantic.com\/index.php\/wp-json\/wp\/v2\/product_tag?post=13108"}],"curies":[{"name":"wp","href":"https:\/\/api.w.org\/{rel}","templated":true}]}}