{"id":13120,"date":"2020-12-01T17:52:10","date_gmt":"2020-12-01T16:52:10","guid":{"rendered":"https:\/\/marneantic.com\/?post_type=product&#038;p=13120"},"modified":"2020-12-01T17:58:33","modified_gmt":"2020-12-01T16:58:33","slug":"paire-de-boucles-doreilles-boheme-vintage-2","status":"publish","type":"product","link":"https:\/\/marneantic.com\/index.php\/produit\/paire-de-boucles-doreilles-boheme-vintage-2\/","title":{"rendered":"Paire de boucles d&rsquo;oreilles boh\u00e8me vintage"},"content":{"rendered":"","protected":false},"excerpt":{"rendered":"<p><span style=\"font-family: Arial;\">Paire de boucles d&rsquo;oreilles fantaisies dormeuse vintage en m\u00e9tal argent\u00e9,en bon \u00e9tat,<\/span><span style=\"font-family: Arial;\">hauteur totale:4cm<\/span><\/p>\n","protected":false},"featured_media":13121,"comment_status":"open","ping_status":"closed","template":"","meta":{"_et_pb_use_builder":"","_et_pb_old_content":"","_et_gb_content_width":""},"product_cat":[18],"product_tag":[],"_links":{"self":[{"href":"https:\/\/marneantic.com\/index.php\/wp-json\/wp\/v2\/product\/13120"}],"collection":[{"href":"https:\/\/marneantic.com\/index.php\/wp-json\/wp\/v2\/product"}],"about":[{"href":"https:\/\/marneantic.com\/index.php\/wp-json\/wp\/v2\/types\/product"}],"replies":[{"embeddable":true,"href":"https:\/\/marneantic.com\/index.php\/wp-json\/wp\/v2\/comments?post=13120"}],"wp:featuredmedia":[{"embeddable":true,"href":"https:\/\/marneantic.com\/index.php\/wp-json\/wp\/v2\/media\/13121"}],"wp:attachment":[{"href":"https:\/\/marneantic.com\/index.php\/wp-json\/wp\/v2\/media?parent=13120"}],"wp:term":[{"taxonomy":"product_cat","embeddable":true,"href":"https:\/\/marneantic.com\/index.php\/wp-json\/wp\/v2\/product_cat?post=13120"},{"taxonomy":"product_tag","embeddable":true,"href":"https:\/\/marneantic.com\/index.php\/wp-json\/wp\/v2\/product_tag?post=13120"}],"curies":[{"name":"wp","href":"https:\/\/api.w.org\/{rel}","templated":true}]}}