{"id":1319,"date":"2016-04-12T14:56:24","date_gmt":"2016-04-12T13:56:24","guid":{"rendered":"http:\/\/marneantic.com\/index.php\/produit\/verre-a-liqueur-emaille-ancien\/"},"modified":"2016-08-01T15:29:56","modified_gmt":"2016-08-01T14:29:56","slug":"verre-a-liqueur-emaille-ancien","status":"publish","type":"product","link":"https:\/\/marneantic.com\/index.php\/produit\/verre-a-liqueur-emaille-ancien\/","title":{"rendered":"Grand verre gobelet \u00e9maill\u00e9 ancien"},"content":{"rendered":"","protected":false},"excerpt":{"rendered":"<p>Verre emaill\u00e9\/monogramm\u00e9 ancien,forme gobelet,monogramme M avec un ange entrelac\u00e9 fa\u00e7on Mary Gregory,en tr\u00e8s bon etat<\/p>\n","protected":false},"featured_media":467,"comment_status":"closed","ping_status":"closed","template":"","meta":{"_et_pb_use_builder":"","_et_pb_old_content":"","_et_gb_content_width":""},"product_cat":[14,11],"product_tag":[],"_links":{"self":[{"href":"https:\/\/marneantic.com\/index.php\/wp-json\/wp\/v2\/product\/1319"}],"collection":[{"href":"https:\/\/marneantic.com\/index.php\/wp-json\/wp\/v2\/product"}],"about":[{"href":"https:\/\/marneantic.com\/index.php\/wp-json\/wp\/v2\/types\/product"}],"replies":[{"embeddable":true,"href":"https:\/\/marneantic.com\/index.php\/wp-json\/wp\/v2\/comments?post=1319"}],"wp:featuredmedia":[{"embeddable":true,"href":"https:\/\/marneantic.com\/index.php\/wp-json\/wp\/v2\/media\/467"}],"wp:attachment":[{"href":"https:\/\/marneantic.com\/index.php\/wp-json\/wp\/v2\/media?parent=1319"}],"wp:term":[{"taxonomy":"product_cat","embeddable":true,"href":"https:\/\/marneantic.com\/index.php\/wp-json\/wp\/v2\/product_cat?post=1319"},{"taxonomy":"product_tag","embeddable":true,"href":"https:\/\/marneantic.com\/index.php\/wp-json\/wp\/v2\/product_tag?post=1319"}],"curies":[{"name":"wp","href":"https:\/\/api.w.org\/{rel}","templated":true}]}}