{"id":13262,"date":"2020-12-11T16:05:11","date_gmt":"2020-12-11T15:05:11","guid":{"rendered":"https:\/\/marneantic.com\/?post_type=product&#038;p=13262"},"modified":"2023-03-02T13:13:20","modified_gmt":"2023-03-02T12:13:20","slug":"verre-de-table-ancien-en-cristal-cisele-3","status":"publish","type":"product","link":"https:\/\/marneantic.com\/index.php\/produit\/verre-de-table-ancien-en-cristal-cisele-3\/","title":{"rendered":"Verre de table ancien en cristal cisel\u00e9"},"content":{"rendered":"","protected":false},"excerpt":{"rendered":"<p>Verre de table ancien en cristal cisel\u00e9 en tr\u00e8s bon \u00e9tat,hauteur:11cm,diam\u00e8tre du buvant:5cm,diam\u00e8tre du pied:5.4cm<\/p>\n","protected":false},"featured_media":13264,"comment_status":"closed","ping_status":"closed","template":"","meta":{"_et_pb_use_builder":"","_et_pb_old_content":"","_et_gb_content_width":""},"product_cat":[10,11],"product_tag":[],"_links":{"self":[{"href":"https:\/\/marneantic.com\/index.php\/wp-json\/wp\/v2\/product\/13262"}],"collection":[{"href":"https:\/\/marneantic.com\/index.php\/wp-json\/wp\/v2\/product"}],"about":[{"href":"https:\/\/marneantic.com\/index.php\/wp-json\/wp\/v2\/types\/product"}],"replies":[{"embeddable":true,"href":"https:\/\/marneantic.com\/index.php\/wp-json\/wp\/v2\/comments?post=13262"}],"wp:featuredmedia":[{"embeddable":true,"href":"https:\/\/marneantic.com\/index.php\/wp-json\/wp\/v2\/media\/13264"}],"wp:attachment":[{"href":"https:\/\/marneantic.com\/index.php\/wp-json\/wp\/v2\/media?parent=13262"}],"wp:term":[{"taxonomy":"product_cat","embeddable":true,"href":"https:\/\/marneantic.com\/index.php\/wp-json\/wp\/v2\/product_cat?post=13262"},{"taxonomy":"product_tag","embeddable":true,"href":"https:\/\/marneantic.com\/index.php\/wp-json\/wp\/v2\/product_tag?post=13262"}],"curies":[{"name":"wp","href":"https:\/\/api.w.org\/{rel}","templated":true}]}}