{"id":13290,"date":"2020-12-16T15:17:25","date_gmt":"2020-12-16T14:17:25","guid":{"rendered":"https:\/\/marneantic.com\/?post_type=product&#038;p=13290"},"modified":"2020-12-21T13:27:20","modified_gmt":"2020-12-21T12:27:20","slug":"applique-double-vintage-annees-50","status":"publish","type":"product","link":"https:\/\/marneantic.com\/index.php\/produit\/applique-double-vintage-annees-50\/","title":{"rendered":"Applique double vintage ann\u00e9es 50&prime;"},"content":{"rendered":"","protected":false},"excerpt":{"rendered":"<p>Applique double vintage ann\u00e9es 50&prime; en m\u00e9tal dor\u00e9 et noir,luminaire en verre granit\u00e9 et stri\u00e9,en bon \u00e9tat,\u00e9lectricit\u00e9 test\u00e9e,hauteur totale:20cm,largeur.32cm,profondeur au mur:17cm<\/p>\n<p>&nbsp;<\/p>\n","protected":false},"featured_media":13291,"comment_status":"closed","ping_status":"closed","template":"","meta":{"_et_pb_use_builder":"","_et_pb_old_content":"","_et_gb_content_width":""},"product_cat":[24,16],"product_tag":[],"_links":{"self":[{"href":"https:\/\/marneantic.com\/index.php\/wp-json\/wp\/v2\/product\/13290"}],"collection":[{"href":"https:\/\/marneantic.com\/index.php\/wp-json\/wp\/v2\/product"}],"about":[{"href":"https:\/\/marneantic.com\/index.php\/wp-json\/wp\/v2\/types\/product"}],"replies":[{"embeddable":true,"href":"https:\/\/marneantic.com\/index.php\/wp-json\/wp\/v2\/comments?post=13290"}],"wp:featuredmedia":[{"embeddable":true,"href":"https:\/\/marneantic.com\/index.php\/wp-json\/wp\/v2\/media\/13291"}],"wp:attachment":[{"href":"https:\/\/marneantic.com\/index.php\/wp-json\/wp\/v2\/media?parent=13290"}],"wp:term":[{"taxonomy":"product_cat","embeddable":true,"href":"https:\/\/marneantic.com\/index.php\/wp-json\/wp\/v2\/product_cat?post=13290"},{"taxonomy":"product_tag","embeddable":true,"href":"https:\/\/marneantic.com\/index.php\/wp-json\/wp\/v2\/product_tag?post=13290"}],"curies":[{"name":"wp","href":"https:\/\/api.w.org\/{rel}","templated":true}]}}