{"id":13341,"date":"2020-12-18T17:44:06","date_gmt":"2020-12-18T16:44:06","guid":{"rendered":"https:\/\/marneantic.com\/?post_type=product&#038;p=13341"},"modified":"2020-12-18T17:53:33","modified_gmt":"2020-12-18T16:53:33","slug":"sucrier-ancien-en-cristal-et-metal-argente-et-cuillere-saupoudreuse-sheffield-en-boite","status":"publish","type":"product","link":"https:\/\/marneantic.com\/index.php\/produit\/sucrier-ancien-en-cristal-et-metal-argente-et-cuillere-saupoudreuse-sheffield-en-boite\/","title":{"rendered":"Sucrier ancien en cristal et m\u00e9tal argent\u00e9 et cuill\u00e8re saupoudreuse \u00ab\u00a0Sheffield\u00a0\u00bb en boite"},"content":{"rendered":"","protected":false},"excerpt":{"rendered":"<p>Sucrier ancien en cristal taill\u00e9 et rebord en m\u00e9tal argent\u00e9 et cuill\u00e8re saupoudreuse en m\u00e9tal argent\u00e9 \u00e9galement de marque \u00ab\u00a0Sheffield\u00a0\u00bb le tout en parfait \u00e9tat,en boite d&rsquo;origine,diametre:10cm,hauteur:6cm<\/p>\n","protected":false},"featured_media":13344,"comment_status":"open","ping_status":"closed","template":"","meta":{"_et_pb_use_builder":"","_et_pb_old_content":"","_et_gb_content_width":""},"product_cat":[13,12,10,26],"product_tag":[],"_links":{"self":[{"href":"https:\/\/marneantic.com\/index.php\/wp-json\/wp\/v2\/product\/13341"}],"collection":[{"href":"https:\/\/marneantic.com\/index.php\/wp-json\/wp\/v2\/product"}],"about":[{"href":"https:\/\/marneantic.com\/index.php\/wp-json\/wp\/v2\/types\/product"}],"replies":[{"embeddable":true,"href":"https:\/\/marneantic.com\/index.php\/wp-json\/wp\/v2\/comments?post=13341"}],"wp:featuredmedia":[{"embeddable":true,"href":"https:\/\/marneantic.com\/index.php\/wp-json\/wp\/v2\/media\/13344"}],"wp:attachment":[{"href":"https:\/\/marneantic.com\/index.php\/wp-json\/wp\/v2\/media?parent=13341"}],"wp:term":[{"taxonomy":"product_cat","embeddable":true,"href":"https:\/\/marneantic.com\/index.php\/wp-json\/wp\/v2\/product_cat?post=13341"},{"taxonomy":"product_tag","embeddable":true,"href":"https:\/\/marneantic.com\/index.php\/wp-json\/wp\/v2\/product_tag?post=13341"}],"curies":[{"name":"wp","href":"https:\/\/api.w.org\/{rel}","templated":true}]}}