{"id":13455,"date":"2021-01-08T18:33:11","date_gmt":"2021-01-08T17:33:11","guid":{"rendered":"https:\/\/marneantic.com\/?post_type=product&#038;p=13455"},"modified":"2021-01-08T18:33:12","modified_gmt":"2021-01-08T17:33:12","slug":"4-flacons-de-salle-de-bain-anciens","status":"publish","type":"product","link":"https:\/\/marneantic.com\/index.php\/produit\/4-flacons-de-salle-de-bain-anciens\/","title":{"rendered":"4 flacons de salle de bain anciens"},"content":{"rendered":"","protected":false},"excerpt":{"rendered":"<p>4 flacons de salle de bain anciens en verre moul\u00e9 avec diffuseurs en m\u00e9tal chrom\u00e9(secouettes et vaporisateur dont il manque la poire)en bon \u00e9tat,avec piqures d&rsquo;oxydation sur certais diffuseurs,belles pieces d\u00e9coratives,hauteurs:14,16,18cm,diametres:6.5,8.5 et 9.5cm,marqu\u00e9 \u00ab\u00a0d\u00e9pos\u00e9 K.F\u00a0\u00bb au dessous<\/p>\n","protected":false},"featured_media":13456,"comment_status":"open","ping_status":"closed","template":"","meta":{"_et_pb_use_builder":"","_et_pb_old_content":"","_et_gb_content_width":""},"product_cat":[14,8],"product_tag":[],"_links":{"self":[{"href":"https:\/\/marneantic.com\/index.php\/wp-json\/wp\/v2\/product\/13455"}],"collection":[{"href":"https:\/\/marneantic.com\/index.php\/wp-json\/wp\/v2\/product"}],"about":[{"href":"https:\/\/marneantic.com\/index.php\/wp-json\/wp\/v2\/types\/product"}],"replies":[{"embeddable":true,"href":"https:\/\/marneantic.com\/index.php\/wp-json\/wp\/v2\/comments?post=13455"}],"wp:featuredmedia":[{"embeddable":true,"href":"https:\/\/marneantic.com\/index.php\/wp-json\/wp\/v2\/media\/13456"}],"wp:attachment":[{"href":"https:\/\/marneantic.com\/index.php\/wp-json\/wp\/v2\/media?parent=13455"}],"wp:term":[{"taxonomy":"product_cat","embeddable":true,"href":"https:\/\/marneantic.com\/index.php\/wp-json\/wp\/v2\/product_cat?post=13455"},{"taxonomy":"product_tag","embeddable":true,"href":"https:\/\/marneantic.com\/index.php\/wp-json\/wp\/v2\/product_tag?post=13455"}],"curies":[{"name":"wp","href":"https:\/\/api.w.org\/{rel}","templated":true}]}}