{"id":1348,"date":"2016-04-15T14:16:02","date_gmt":"2016-04-15T13:16:02","guid":{"rendered":"http:\/\/marneantic.com\/?post_type=product&#038;p=1348"},"modified":"2016-05-15T15:17:30","modified_gmt":"2016-05-15T14:17:30","slug":"seau-a-glace-publicitaire-annees-60","status":"publish","type":"product","link":"https:\/\/marneantic.com\/index.php\/produit\/seau-a-glace-publicitaire-annees-60\/","title":{"rendered":"Seau a glace publicitaire ann\u00e9es 60&prime;"},"content":{"rendered":"","protected":false},"excerpt":{"rendered":"<p>Seau a glace publicitaire ann\u00e9es 60&prime;:sandeman-Haig&rsquo;s-Vat 69,en tr\u00e8s bon \u00e9tat<\/p>\n","protected":false},"featured_media":1349,"comment_status":"closed","ping_status":"closed","template":"","meta":{"_et_pb_use_builder":"","_et_pb_old_content":"","_et_gb_content_width":""},"product_cat":[15,16],"product_tag":[],"_links":{"self":[{"href":"https:\/\/marneantic.com\/index.php\/wp-json\/wp\/v2\/product\/1348"}],"collection":[{"href":"https:\/\/marneantic.com\/index.php\/wp-json\/wp\/v2\/product"}],"about":[{"href":"https:\/\/marneantic.com\/index.php\/wp-json\/wp\/v2\/types\/product"}],"replies":[{"embeddable":true,"href":"https:\/\/marneantic.com\/index.php\/wp-json\/wp\/v2\/comments?post=1348"}],"wp:featuredmedia":[{"embeddable":true,"href":"https:\/\/marneantic.com\/index.php\/wp-json\/wp\/v2\/media\/1349"}],"wp:attachment":[{"href":"https:\/\/marneantic.com\/index.php\/wp-json\/wp\/v2\/media?parent=1348"}],"wp:term":[{"taxonomy":"product_cat","embeddable":true,"href":"https:\/\/marneantic.com\/index.php\/wp-json\/wp\/v2\/product_cat?post=1348"},{"taxonomy":"product_tag","embeddable":true,"href":"https:\/\/marneantic.com\/index.php\/wp-json\/wp\/v2\/product_tag?post=1348"}],"curies":[{"name":"wp","href":"https:\/\/api.w.org\/{rel}","templated":true}]}}