{"id":13609,"date":"2021-01-16T17:12:48","date_gmt":"2021-01-16T16:12:48","guid":{"rendered":"https:\/\/marneantic.com\/?post_type=product&#038;p=13609"},"modified":"2025-01-05T12:26:12","modified_gmt":"2025-01-05T11:26:12","slug":"verre-de-table-art-deco-ancien-cisele","status":"publish","type":"product","link":"https:\/\/marneantic.com\/index.php\/produit\/verre-de-table-art-deco-ancien-cisele\/","title":{"rendered":"Verre de table art-d\u00e9co ancien cisel\u00e9"},"content":{"rendered":"","protected":false},"excerpt":{"rendered":"<p>Verre de table art-d\u00e9co ancien cisel\u00e9 en tr\u00e8s bon \u00e9tat,hauteur:9.3cm,diam\u00e8tre du buvant:6.5cm,diam\u00e8tre du pied:5.5cm<\/p>\n","protected":false},"featured_media":13610,"comment_status":"closed","ping_status":"closed","template":"","meta":{"_et_pb_use_builder":"","_et_pb_old_content":"","_et_gb_content_width":""},"product_cat":[10,44,11],"product_tag":[],"_links":{"self":[{"href":"https:\/\/marneantic.com\/index.php\/wp-json\/wp\/v2\/product\/13609"}],"collection":[{"href":"https:\/\/marneantic.com\/index.php\/wp-json\/wp\/v2\/product"}],"about":[{"href":"https:\/\/marneantic.com\/index.php\/wp-json\/wp\/v2\/types\/product"}],"replies":[{"embeddable":true,"href":"https:\/\/marneantic.com\/index.php\/wp-json\/wp\/v2\/comments?post=13609"}],"wp:featuredmedia":[{"embeddable":true,"href":"https:\/\/marneantic.com\/index.php\/wp-json\/wp\/v2\/media\/13610"}],"wp:attachment":[{"href":"https:\/\/marneantic.com\/index.php\/wp-json\/wp\/v2\/media?parent=13609"}],"wp:term":[{"taxonomy":"product_cat","embeddable":true,"href":"https:\/\/marneantic.com\/index.php\/wp-json\/wp\/v2\/product_cat?post=13609"},{"taxonomy":"product_tag","embeddable":true,"href":"https:\/\/marneantic.com\/index.php\/wp-json\/wp\/v2\/product_tag?post=13609"}],"curies":[{"name":"wp","href":"https:\/\/api.w.org\/{rel}","templated":true}]}}