{"id":13626,"date":"2021-01-21T15:00:32","date_gmt":"2021-01-21T14:00:32","guid":{"rendered":"https:\/\/marneantic.com\/?post_type=product&#038;p=13626"},"modified":"2021-01-21T15:05:07","modified_gmt":"2021-01-21T14:05:07","slug":"verre-de-table-ancien-cisele-4","status":"publish","type":"product","link":"https:\/\/marneantic.com\/index.php\/produit\/verre-de-table-ancien-cisele-4\/","title":{"rendered":"Verre de table ancien cisel\u00e9"},"content":{"rendered":"","protected":false},"excerpt":{"rendered":"<p>Verre de table ancien cisel\u00e9 en tr\u00e8s bon \u00e9tat,hauteur:13cm,diam\u00e8tre du buvant:5.5cm,diam\u00e8tre du pied:5.5cm<\/p>\n","protected":false},"featured_media":13627,"comment_status":"closed","ping_status":"closed","template":"","meta":{"_et_pb_use_builder":"","_et_pb_old_content":"","_et_gb_content_width":""},"product_cat":[10,11],"product_tag":[],"_links":{"self":[{"href":"https:\/\/marneantic.com\/index.php\/wp-json\/wp\/v2\/product\/13626"}],"collection":[{"href":"https:\/\/marneantic.com\/index.php\/wp-json\/wp\/v2\/product"}],"about":[{"href":"https:\/\/marneantic.com\/index.php\/wp-json\/wp\/v2\/types\/product"}],"replies":[{"embeddable":true,"href":"https:\/\/marneantic.com\/index.php\/wp-json\/wp\/v2\/comments?post=13626"}],"wp:featuredmedia":[{"embeddable":true,"href":"https:\/\/marneantic.com\/index.php\/wp-json\/wp\/v2\/media\/13627"}],"wp:attachment":[{"href":"https:\/\/marneantic.com\/index.php\/wp-json\/wp\/v2\/media?parent=13626"}],"wp:term":[{"taxonomy":"product_cat","embeddable":true,"href":"https:\/\/marneantic.com\/index.php\/wp-json\/wp\/v2\/product_cat?post=13626"},{"taxonomy":"product_tag","embeddable":true,"href":"https:\/\/marneantic.com\/index.php\/wp-json\/wp\/v2\/product_tag?post=13626"}],"curies":[{"name":"wp","href":"https:\/\/api.w.org\/{rel}","templated":true}]}}