{"id":13660,"date":"2021-01-22T17:04:42","date_gmt":"2021-01-22T16:04:42","guid":{"rendered":"https:\/\/marneantic.com\/?post_type=product&#038;p=13660"},"modified":"2025-08-09T08:29:10","modified_gmt":"2025-08-09T07:29:10","slug":"cadre-annees-50-en-bois-et-stuc","status":"publish","type":"product","link":"https:\/\/marneantic.com\/index.php\/produit\/cadre-annees-50-en-bois-et-stuc\/","title":{"rendered":"Cadre ann\u00e9es 50&prime;"},"content":{"rendered":"","protected":false},"excerpt":{"rendered":"<p>cadre ancien ann\u00e9es 50&prime; en bois sans verre,a accrocher ou a poser,avec support,rebord en imitation peau de serpent,en bon \u00e9tat,dimensions exterieur:28x22cm,dimensions utiles:25x18cm<\/p>\n","protected":false},"featured_media":13707,"comment_status":"open","ping_status":"closed","template":"","meta":{"_et_pb_use_builder":"","_et_pb_old_content":"","_et_gb_content_width":""},"product_cat":[8],"product_tag":[],"_links":{"self":[{"href":"https:\/\/marneantic.com\/index.php\/wp-json\/wp\/v2\/product\/13660"}],"collection":[{"href":"https:\/\/marneantic.com\/index.php\/wp-json\/wp\/v2\/product"}],"about":[{"href":"https:\/\/marneantic.com\/index.php\/wp-json\/wp\/v2\/types\/product"}],"replies":[{"embeddable":true,"href":"https:\/\/marneantic.com\/index.php\/wp-json\/wp\/v2\/comments?post=13660"}],"wp:featuredmedia":[{"embeddable":true,"href":"https:\/\/marneantic.com\/index.php\/wp-json\/wp\/v2\/media\/13707"}],"wp:attachment":[{"href":"https:\/\/marneantic.com\/index.php\/wp-json\/wp\/v2\/media?parent=13660"}],"wp:term":[{"taxonomy":"product_cat","embeddable":true,"href":"https:\/\/marneantic.com\/index.php\/wp-json\/wp\/v2\/product_cat?post=13660"},{"taxonomy":"product_tag","embeddable":true,"href":"https:\/\/marneantic.com\/index.php\/wp-json\/wp\/v2\/product_tag?post=13660"}],"curies":[{"name":"wp","href":"https:\/\/api.w.org\/{rel}","templated":true}]}}