{"id":13696,"date":"2021-01-27T14:26:28","date_gmt":"2021-01-27T13:26:28","guid":{"rendered":"https:\/\/marneantic.com\/?post_type=product&#038;p=13696"},"modified":"2021-01-27T14:40:23","modified_gmt":"2021-01-27T13:40:23","slug":"lampe-art-deco-en-cristal-et-laiton","status":"publish","type":"product","link":"https:\/\/marneantic.com\/index.php\/produit\/lampe-art-deco-en-cristal-et-laiton\/","title":{"rendered":"Lampe art-d\u00e9co en cristal et laiton"},"content":{"rendered":"","protected":false},"excerpt":{"rendered":"<p>Lampe art-d\u00e9co en cristal et pied laiton en bon \u00e9tat(a signaler un petit coup sur le cristal sans manque-voir photo), \u00e9lectricit\u00e9 test\u00e9e, interrupteur sur le socle, fournie avec ampoule<br \/>\nhauteur totale:35cm,diam\u00e8tre:30cm,abat jour neuf<\/p>\n","protected":false},"featured_media":13697,"comment_status":"closed","ping_status":"closed","template":"","meta":{"_et_pb_use_builder":"","_et_pb_old_content":"","_et_gb_content_width":""},"product_cat":[44,24],"product_tag":[],"_links":{"self":[{"href":"https:\/\/marneantic.com\/index.php\/wp-json\/wp\/v2\/product\/13696"}],"collection":[{"href":"https:\/\/marneantic.com\/index.php\/wp-json\/wp\/v2\/product"}],"about":[{"href":"https:\/\/marneantic.com\/index.php\/wp-json\/wp\/v2\/types\/product"}],"replies":[{"embeddable":true,"href":"https:\/\/marneantic.com\/index.php\/wp-json\/wp\/v2\/comments?post=13696"}],"wp:featuredmedia":[{"embeddable":true,"href":"https:\/\/marneantic.com\/index.php\/wp-json\/wp\/v2\/media\/13697"}],"wp:attachment":[{"href":"https:\/\/marneantic.com\/index.php\/wp-json\/wp\/v2\/media?parent=13696"}],"wp:term":[{"taxonomy":"product_cat","embeddable":true,"href":"https:\/\/marneantic.com\/index.php\/wp-json\/wp\/v2\/product_cat?post=13696"},{"taxonomy":"product_tag","embeddable":true,"href":"https:\/\/marneantic.com\/index.php\/wp-json\/wp\/v2\/product_tag?post=13696"}],"curies":[{"name":"wp","href":"https:\/\/api.w.org\/{rel}","templated":true}]}}