{"id":1371,"date":"2016-04-16T14:37:46","date_gmt":"2016-04-16T13:37:46","guid":{"rendered":"http:\/\/marneantic.com\/?post_type=product&#038;p=1371"},"modified":"2016-10-19T15:53:00","modified_gmt":"2016-10-19T14:53:00","slug":"boite-ancienne-en-verre-peint","status":"publish","type":"product","link":"https:\/\/marneantic.com\/index.php\/produit\/boite-ancienne-en-verre-peint\/","title":{"rendered":"Boite ancienne en verre peint"},"content":{"rendered":"","protected":false},"excerpt":{"rendered":"<p>belle boite ancienne en verre peint,d\u00e9cor de n\u0153ud et v\u00e9g\u00e9taux,en tr\u00e8s bon \u00e9tat<\/p>\n","protected":false},"featured_media":1372,"comment_status":"closed","ping_status":"closed","template":"","meta":{"_et_pb_use_builder":"","_et_pb_old_content":"","_et_gb_content_width":""},"product_cat":[14,11],"product_tag":[],"_links":{"self":[{"href":"https:\/\/marneantic.com\/index.php\/wp-json\/wp\/v2\/product\/1371"}],"collection":[{"href":"https:\/\/marneantic.com\/index.php\/wp-json\/wp\/v2\/product"}],"about":[{"href":"https:\/\/marneantic.com\/index.php\/wp-json\/wp\/v2\/types\/product"}],"replies":[{"embeddable":true,"href":"https:\/\/marneantic.com\/index.php\/wp-json\/wp\/v2\/comments?post=1371"}],"wp:featuredmedia":[{"embeddable":true,"href":"https:\/\/marneantic.com\/index.php\/wp-json\/wp\/v2\/media\/1372"}],"wp:attachment":[{"href":"https:\/\/marneantic.com\/index.php\/wp-json\/wp\/v2\/media?parent=1371"}],"wp:term":[{"taxonomy":"product_cat","embeddable":true,"href":"https:\/\/marneantic.com\/index.php\/wp-json\/wp\/v2\/product_cat?post=1371"},{"taxonomy":"product_tag","embeddable":true,"href":"https:\/\/marneantic.com\/index.php\/wp-json\/wp\/v2\/product_tag?post=1371"}],"curies":[{"name":"wp","href":"https:\/\/api.w.org\/{rel}","templated":true}]}}