{"id":13730,"date":"2021-01-29T17:51:28","date_gmt":"2021-01-29T16:51:28","guid":{"rendered":"https:\/\/marneantic.com\/?post_type=product&#038;p=13730"},"modified":"2021-01-29T17:53:33","modified_gmt":"2021-01-29T16:53:33","slug":"bonbonniere-en-verre-emaillee-anciennecouleur-verte","status":"publish","type":"product","link":"https:\/\/marneantic.com\/index.php\/produit\/bonbonniere-en-verre-emaillee-anciennecouleur-verte\/","title":{"rendered":"Bonbonni\u00e8re en verre \u00e9maill\u00e9e ancienne,couleur verte"},"content":{"rendered":"","protected":false},"excerpt":{"rendered":"<p>Bonbonni\u00e8re en verre \u00e9maill\u00e9e ancienne,couleur verte,d\u00e9cor floral,en bon \u00e9tat,pr\u00e9sence de micros \u00e9grenures sur le rebord interieur,diametre:13.5cm,hauteur:8cm<\/p>\n","protected":false},"featured_media":13731,"comment_status":"closed","ping_status":"closed","template":"","meta":{"_et_pb_use_builder":"","_et_pb_old_content":"","_et_gb_content_width":""},"product_cat":[14,8],"product_tag":[],"_links":{"self":[{"href":"https:\/\/marneantic.com\/index.php\/wp-json\/wp\/v2\/product\/13730"}],"collection":[{"href":"https:\/\/marneantic.com\/index.php\/wp-json\/wp\/v2\/product"}],"about":[{"href":"https:\/\/marneantic.com\/index.php\/wp-json\/wp\/v2\/types\/product"}],"replies":[{"embeddable":true,"href":"https:\/\/marneantic.com\/index.php\/wp-json\/wp\/v2\/comments?post=13730"}],"wp:featuredmedia":[{"embeddable":true,"href":"https:\/\/marneantic.com\/index.php\/wp-json\/wp\/v2\/media\/13731"}],"wp:attachment":[{"href":"https:\/\/marneantic.com\/index.php\/wp-json\/wp\/v2\/media?parent=13730"}],"wp:term":[{"taxonomy":"product_cat","embeddable":true,"href":"https:\/\/marneantic.com\/index.php\/wp-json\/wp\/v2\/product_cat?post=13730"},{"taxonomy":"product_tag","embeddable":true,"href":"https:\/\/marneantic.com\/index.php\/wp-json\/wp\/v2\/product_tag?post=13730"}],"curies":[{"name":"wp","href":"https:\/\/api.w.org\/{rel}","templated":true}]}}