{"id":13748,"date":"2021-02-01T17:32:13","date_gmt":"2021-02-01T16:32:13","guid":{"rendered":"https:\/\/marneantic.com\/?post_type=product&#038;p=13748"},"modified":"2021-02-01T17:39:23","modified_gmt":"2021-02-01T16:39:23","slug":"pichet-a-lait-ancien-en-porcelaine-de-limoges-14","status":"publish","type":"product","link":"https:\/\/marneantic.com\/index.php\/produit\/pichet-a-lait-ancien-en-porcelaine-de-limoges-14\/","title":{"rendered":"Pichet a lait ancien en porcelaine de Limoges"},"content":{"rendered":"","protected":false},"excerpt":{"rendered":"<p>pichet a lait ancien en porcelaine de Limoges,manufacture DURAND&amp;Cie vers 1950,en tr\u00e8s bon \u00e9tat,hauteur:12cm,diametre:8cm hors poign\u00e9e et bec<\/p>\n","protected":false},"featured_media":13749,"comment_status":"open","ping_status":"closed","template":"","meta":{"_et_pb_use_builder":"","_et_pb_old_content":"","_et_gb_content_width":""},"product_cat":[26,7],"product_tag":[],"_links":{"self":[{"href":"https:\/\/marneantic.com\/index.php\/wp-json\/wp\/v2\/product\/13748"}],"collection":[{"href":"https:\/\/marneantic.com\/index.php\/wp-json\/wp\/v2\/product"}],"about":[{"href":"https:\/\/marneantic.com\/index.php\/wp-json\/wp\/v2\/types\/product"}],"replies":[{"embeddable":true,"href":"https:\/\/marneantic.com\/index.php\/wp-json\/wp\/v2\/comments?post=13748"}],"wp:featuredmedia":[{"embeddable":true,"href":"https:\/\/marneantic.com\/index.php\/wp-json\/wp\/v2\/media\/13749"}],"wp:attachment":[{"href":"https:\/\/marneantic.com\/index.php\/wp-json\/wp\/v2\/media?parent=13748"}],"wp:term":[{"taxonomy":"product_cat","embeddable":true,"href":"https:\/\/marneantic.com\/index.php\/wp-json\/wp\/v2\/product_cat?post=13748"},{"taxonomy":"product_tag","embeddable":true,"href":"https:\/\/marneantic.com\/index.php\/wp-json\/wp\/v2\/product_tag?post=13748"}],"curies":[{"name":"wp","href":"https:\/\/api.w.org\/{rel}","templated":true}]}}