{"id":13765,"date":"2021-02-04T15:28:03","date_gmt":"2021-02-04T14:28:03","guid":{"rendered":"https:\/\/marneantic.com\/?post_type=product&#038;p=13765"},"modified":"2021-03-17T14:44:29","modified_gmt":"2021-03-17T13:44:29","slug":"tasse-a-cafe-vintage-annees-70-en-porcelaine-du-berry","status":"publish","type":"product","link":"https:\/\/marneantic.com\/index.php\/produit\/tasse-a-cafe-vintage-annees-70-en-porcelaine-du-berry\/","title":{"rendered":"Tasse a caf\u00e9 vintage ann\u00e9es 70&prime; en porcelaine du Berry"},"content":{"rendered":"","protected":false},"excerpt":{"rendered":"<p>Tasse a caf\u00e9 vintage ann\u00e9es 70&prime; en porcelaine du Berry,en bon \u00e9tat,tasse hauteur:6cm,diametre:6.5cm,diam\u00e8tre soucoupe:13.4cm<\/p>\n","protected":false},"featured_media":13766,"comment_status":"closed","ping_status":"closed","template":"","meta":{"_et_pb_use_builder":"","_et_pb_old_content":"","_et_gb_content_width":""},"product_cat":[26,7],"product_tag":[],"_links":{"self":[{"href":"https:\/\/marneantic.com\/index.php\/wp-json\/wp\/v2\/product\/13765"}],"collection":[{"href":"https:\/\/marneantic.com\/index.php\/wp-json\/wp\/v2\/product"}],"about":[{"href":"https:\/\/marneantic.com\/index.php\/wp-json\/wp\/v2\/types\/product"}],"replies":[{"embeddable":true,"href":"https:\/\/marneantic.com\/index.php\/wp-json\/wp\/v2\/comments?post=13765"}],"wp:featuredmedia":[{"embeddable":true,"href":"https:\/\/marneantic.com\/index.php\/wp-json\/wp\/v2\/media\/13766"}],"wp:attachment":[{"href":"https:\/\/marneantic.com\/index.php\/wp-json\/wp\/v2\/media?parent=13765"}],"wp:term":[{"taxonomy":"product_cat","embeddable":true,"href":"https:\/\/marneantic.com\/index.php\/wp-json\/wp\/v2\/product_cat?post=13765"},{"taxonomy":"product_tag","embeddable":true,"href":"https:\/\/marneantic.com\/index.php\/wp-json\/wp\/v2\/product_tag?post=13765"}],"curies":[{"name":"wp","href":"https:\/\/api.w.org\/{rel}","templated":true}]}}