{"id":13855,"date":"2021-02-18T15:31:57","date_gmt":"2021-02-18T14:31:57","guid":{"rendered":"https:\/\/marneantic.com\/?post_type=product&#038;p=13855"},"modified":"2021-02-18T15:37:32","modified_gmt":"2021-02-18T14:37:32","slug":"flacon-de-parfum-19eme-en-cristal-bouchon-en-argent-monogramme-3","status":"publish","type":"product","link":"https:\/\/marneantic.com\/index.php\/produit\/flacon-de-parfum-19eme-en-cristal-bouchon-en-argent-monogramme-3\/","title":{"rendered":"flacon de parfum 19eme en cristal-bouchon en argent monogramm\u00e9"},"content":{"rendered":"","protected":false},"excerpt":{"rendered":"<p>flacon de parfum 19eme en cristal avec capuchon et monture en argent(poin\u00e7on t\u00eate de sanglier) monogramm\u00e9,en tres bon \u00e9tat, \u00e0 signaler une petite bosse sur le capuchon,forme ovale a facettes,hauteur:13cm,largeur:6.5cm,profondeur:4.5cm<\/p>\n","protected":false},"featured_media":13856,"comment_status":"closed","ping_status":"closed","template":"","meta":{"_et_pb_use_builder":"","_et_pb_old_content":"","_et_gb_content_width":""},"product_cat":[14,8],"product_tag":[],"_links":{"self":[{"href":"https:\/\/marneantic.com\/index.php\/wp-json\/wp\/v2\/product\/13855"}],"collection":[{"href":"https:\/\/marneantic.com\/index.php\/wp-json\/wp\/v2\/product"}],"about":[{"href":"https:\/\/marneantic.com\/index.php\/wp-json\/wp\/v2\/types\/product"}],"replies":[{"embeddable":true,"href":"https:\/\/marneantic.com\/index.php\/wp-json\/wp\/v2\/comments?post=13855"}],"wp:featuredmedia":[{"embeddable":true,"href":"https:\/\/marneantic.com\/index.php\/wp-json\/wp\/v2\/media\/13856"}],"wp:attachment":[{"href":"https:\/\/marneantic.com\/index.php\/wp-json\/wp\/v2\/media?parent=13855"}],"wp:term":[{"taxonomy":"product_cat","embeddable":true,"href":"https:\/\/marneantic.com\/index.php\/wp-json\/wp\/v2\/product_cat?post=13855"},{"taxonomy":"product_tag","embeddable":true,"href":"https:\/\/marneantic.com\/index.php\/wp-json\/wp\/v2\/product_tag?post=13855"}],"curies":[{"name":"wp","href":"https:\/\/api.w.org\/{rel}","templated":true}]}}