{"id":13959,"date":"2021-03-17T14:16:57","date_gmt":"2021-03-17T13:16:57","guid":{"rendered":"https:\/\/marneantic.com\/?post_type=product&#038;p=13959"},"modified":"2021-04-23T19:53:19","modified_gmt":"2021-04-23T18:53:19","slug":"applique-double-vintage-annees-60","status":"publish","type":"product","link":"https:\/\/marneantic.com\/index.php\/produit\/applique-double-vintage-annees-60\/","title":{"rendered":"Applique double vintage ann\u00e9es 60&prime;"},"content":{"rendered":"","protected":false},"excerpt":{"rendered":"<p>Applique double vintage ann\u00e9es 60&prime; en m\u00e9tal dor\u00e9 et,luminaire en verre,en bon \u00e9tat,\u00e9lectricit\u00e9 test\u00e9e,hauteur totale:41cm,largeur.20cm,profondeur au mur:10cm,fournie sans ampoules<\/p>\n<p>&nbsp;<\/p>\n","protected":false},"featured_media":13960,"comment_status":"closed","ping_status":"closed","template":"","meta":{"_et_pb_use_builder":"","_et_pb_old_content":"","_et_gb_content_width":""},"product_cat":[24,16],"product_tag":[],"_links":{"self":[{"href":"https:\/\/marneantic.com\/index.php\/wp-json\/wp\/v2\/product\/13959"}],"collection":[{"href":"https:\/\/marneantic.com\/index.php\/wp-json\/wp\/v2\/product"}],"about":[{"href":"https:\/\/marneantic.com\/index.php\/wp-json\/wp\/v2\/types\/product"}],"replies":[{"embeddable":true,"href":"https:\/\/marneantic.com\/index.php\/wp-json\/wp\/v2\/comments?post=13959"}],"wp:featuredmedia":[{"embeddable":true,"href":"https:\/\/marneantic.com\/index.php\/wp-json\/wp\/v2\/media\/13960"}],"wp:attachment":[{"href":"https:\/\/marneantic.com\/index.php\/wp-json\/wp\/v2\/media?parent=13959"}],"wp:term":[{"taxonomy":"product_cat","embeddable":true,"href":"https:\/\/marneantic.com\/index.php\/wp-json\/wp\/v2\/product_cat?post=13959"},{"taxonomy":"product_tag","embeddable":true,"href":"https:\/\/marneantic.com\/index.php\/wp-json\/wp\/v2\/product_tag?post=13959"}],"curies":[{"name":"wp","href":"https:\/\/api.w.org\/{rel}","templated":true}]}}