{"id":1403,"date":"2016-04-21T17:02:10","date_gmt":"2016-04-21T16:02:10","guid":{"rendered":"http:\/\/marneantic.com\/?post_type=product&#038;p=1403"},"modified":"2016-04-21T17:02:10","modified_gmt":"2016-04-21T16:02:10","slug":"saliere-double-christofle-metal-argente-et-cristal","status":"publish","type":"product","link":"https:\/\/marneantic.com\/index.php\/produit\/saliere-double-christofle-metal-argente-et-cristal\/","title":{"rendered":"Sali\u00e8re double CHRISTOFLE m\u00e9tal argent\u00e9 et cristal"},"content":{"rendered":"","protected":false},"excerpt":{"rendered":"<p>belle sali\u00e8re double CHRISTOFLE en m\u00e9tal argent\u00e9 et cristal,en bon \u00e9tat,a signaler une oxydation de surface en partie centrale du au sel<\/p>\n","protected":false},"featured_media":1404,"comment_status":"closed","ping_status":"closed","template":"","meta":{"_et_pb_use_builder":"","_et_pb_old_content":"","_et_gb_content_width":""},"product_cat":[13,12,10],"product_tag":[],"_links":{"self":[{"href":"https:\/\/marneantic.com\/index.php\/wp-json\/wp\/v2\/product\/1403"}],"collection":[{"href":"https:\/\/marneantic.com\/index.php\/wp-json\/wp\/v2\/product"}],"about":[{"href":"https:\/\/marneantic.com\/index.php\/wp-json\/wp\/v2\/types\/product"}],"replies":[{"embeddable":true,"href":"https:\/\/marneantic.com\/index.php\/wp-json\/wp\/v2\/comments?post=1403"}],"wp:featuredmedia":[{"embeddable":true,"href":"https:\/\/marneantic.com\/index.php\/wp-json\/wp\/v2\/media\/1404"}],"wp:attachment":[{"href":"https:\/\/marneantic.com\/index.php\/wp-json\/wp\/v2\/media?parent=1403"}],"wp:term":[{"taxonomy":"product_cat","embeddable":true,"href":"https:\/\/marneantic.com\/index.php\/wp-json\/wp\/v2\/product_cat?post=1403"},{"taxonomy":"product_tag","embeddable":true,"href":"https:\/\/marneantic.com\/index.php\/wp-json\/wp\/v2\/product_tag?post=1403"}],"curies":[{"name":"wp","href":"https:\/\/api.w.org\/{rel}","templated":true}]}}