{"id":14038,"date":"2021-03-28T17:22:30","date_gmt":"2021-03-28T16:22:30","guid":{"rendered":"https:\/\/marneantic.com\/?post_type=product&#038;p=14038"},"modified":"2021-03-28T17:24:38","modified_gmt":"2021-03-28T16:24:38","slug":"12-couteaux-a-fromage-anciens-en-ecrin","status":"publish","type":"product","link":"https:\/\/marneantic.com\/index.php\/produit\/12-couteaux-a-fromage-anciens-en-ecrin\/","title":{"rendered":"12 couteaux a fromage anciens en \u00e9crin"},"content":{"rendered":"","protected":false},"excerpt":{"rendered":"<p><span style=\"font-size: large;\">12 couteaux de table anciens en bon \u00e9tat,lames en acier marqu\u00e9es \u00ab\u00a0Pirony Chabrol\u00a0\u00bb manches en corne et virole en m\u00e9tal argent\u00e9,\u00e9crin avec traces d&rsquo;usages<\/span><\/p>\n<div><span style=\"font-size: large;\">longueur:20.5cm<\/span><\/div>\n","protected":false},"featured_media":14039,"comment_status":"closed","ping_status":"closed","template":"","meta":{"_et_pb_use_builder":"","_et_pb_old_content":"","_et_gb_content_width":""},"product_cat":[10,29],"product_tag":[],"_links":{"self":[{"href":"https:\/\/marneantic.com\/index.php\/wp-json\/wp\/v2\/product\/14038"}],"collection":[{"href":"https:\/\/marneantic.com\/index.php\/wp-json\/wp\/v2\/product"}],"about":[{"href":"https:\/\/marneantic.com\/index.php\/wp-json\/wp\/v2\/types\/product"}],"replies":[{"embeddable":true,"href":"https:\/\/marneantic.com\/index.php\/wp-json\/wp\/v2\/comments?post=14038"}],"wp:featuredmedia":[{"embeddable":true,"href":"https:\/\/marneantic.com\/index.php\/wp-json\/wp\/v2\/media\/14039"}],"wp:attachment":[{"href":"https:\/\/marneantic.com\/index.php\/wp-json\/wp\/v2\/media?parent=14038"}],"wp:term":[{"taxonomy":"product_cat","embeddable":true,"href":"https:\/\/marneantic.com\/index.php\/wp-json\/wp\/v2\/product_cat?post=14038"},{"taxonomy":"product_tag","embeddable":true,"href":"https:\/\/marneantic.com\/index.php\/wp-json\/wp\/v2\/product_tag?post=14038"}],"curies":[{"name":"wp","href":"https:\/\/api.w.org\/{rel}","templated":true}]}}