{"id":14169,"date":"2021-04-16T16:38:47","date_gmt":"2021-04-16T15:38:47","guid":{"rendered":"https:\/\/marneantic.com\/?post_type=product&#038;p=14169"},"modified":"2021-04-16T16:52:48","modified_gmt":"2021-04-16T15:52:48","slug":"cadre-ancien-en-bois-4","status":"publish","type":"product","link":"https:\/\/marneantic.com\/index.php\/produit\/cadre-ancien-en-bois-4\/","title":{"rendered":"Cadre ancien en bois"},"content":{"rendered":"","protected":false},"excerpt":{"rendered":"<p>Cadre ancien en bois en bon \u00e9tat(traces d&rsquo;usages),avec verre d\u00e9cor\u00e9 sur le contour en imitation bois,a accrocher ou a poser<br \/>\ndimensions:19.5&#215;25.5cm<br \/>\ndimensions utiles:19x24cm<\/p>\n","protected":false},"featured_media":14170,"comment_status":"open","ping_status":"closed","template":"","meta":{"_et_pb_use_builder":"","_et_pb_old_content":"","_et_gb_content_width":""},"product_cat":[8],"product_tag":[],"_links":{"self":[{"href":"https:\/\/marneantic.com\/index.php\/wp-json\/wp\/v2\/product\/14169"}],"collection":[{"href":"https:\/\/marneantic.com\/index.php\/wp-json\/wp\/v2\/product"}],"about":[{"href":"https:\/\/marneantic.com\/index.php\/wp-json\/wp\/v2\/types\/product"}],"replies":[{"embeddable":true,"href":"https:\/\/marneantic.com\/index.php\/wp-json\/wp\/v2\/comments?post=14169"}],"wp:featuredmedia":[{"embeddable":true,"href":"https:\/\/marneantic.com\/index.php\/wp-json\/wp\/v2\/media\/14170"}],"wp:attachment":[{"href":"https:\/\/marneantic.com\/index.php\/wp-json\/wp\/v2\/media?parent=14169"}],"wp:term":[{"taxonomy":"product_cat","embeddable":true,"href":"https:\/\/marneantic.com\/index.php\/wp-json\/wp\/v2\/product_cat?post=14169"},{"taxonomy":"product_tag","embeddable":true,"href":"https:\/\/marneantic.com\/index.php\/wp-json\/wp\/v2\/product_tag?post=14169"}],"curies":[{"name":"wp","href":"https:\/\/api.w.org\/{rel}","templated":true}]}}