{"id":1430,"date":"2016-05-10T14:33:28","date_gmt":"2016-05-10T13:33:28","guid":{"rendered":"http:\/\/marneantic.com\/index.php\/produit\/verre-a-absinthe-ancien-2\/"},"modified":"2016-10-17T13:23:28","modified_gmt":"2016-10-17T12:23:28","slug":"verre-a-absinthe-ancien-2","status":"publish","type":"product","link":"https:\/\/marneantic.com\/index.php\/produit\/verre-a-absinthe-ancien-2\/","title":{"rendered":"Verre \u00e0 absinthe ancien"},"content":{"rendered":"","protected":false},"excerpt":{"rendered":"<p>Verre \u00e0 absinthe ancien en bon \u00e9tat<\/p>\n","protected":false},"featured_media":1435,"comment_status":"closed","ping_status":"closed","template":"","meta":{"_et_pb_use_builder":"","_et_pb_old_content":"","_et_gb_content_width":""},"product_cat":[10,14,11],"product_tag":[],"_links":{"self":[{"href":"https:\/\/marneantic.com\/index.php\/wp-json\/wp\/v2\/product\/1430"}],"collection":[{"href":"https:\/\/marneantic.com\/index.php\/wp-json\/wp\/v2\/product"}],"about":[{"href":"https:\/\/marneantic.com\/index.php\/wp-json\/wp\/v2\/types\/product"}],"replies":[{"embeddable":true,"href":"https:\/\/marneantic.com\/index.php\/wp-json\/wp\/v2\/comments?post=1430"}],"wp:featuredmedia":[{"embeddable":true,"href":"https:\/\/marneantic.com\/index.php\/wp-json\/wp\/v2\/media\/1435"}],"wp:attachment":[{"href":"https:\/\/marneantic.com\/index.php\/wp-json\/wp\/v2\/media?parent=1430"}],"wp:term":[{"taxonomy":"product_cat","embeddable":true,"href":"https:\/\/marneantic.com\/index.php\/wp-json\/wp\/v2\/product_cat?post=1430"},{"taxonomy":"product_tag","embeddable":true,"href":"https:\/\/marneantic.com\/index.php\/wp-json\/wp\/v2\/product_tag?post=1430"}],"curies":[{"name":"wp","href":"https:\/\/api.w.org\/{rel}","templated":true}]}}