{"id":14385,"date":"2021-05-16T16:54:55","date_gmt":"2021-05-16T15:54:55","guid":{"rendered":"https:\/\/marneantic.com\/?post_type=product&#038;p=14385"},"modified":"2021-05-16T17:01:47","modified_gmt":"2021-05-16T16:01:47","slug":"confiturier-ancien-en-metal-argente-et-cristal","status":"publish","type":"product","link":"https:\/\/marneantic.com\/index.php\/produit\/confiturier-ancien-en-metal-argente-et-cristal\/","title":{"rendered":"Confiturier ancien en m\u00e9tal argent\u00e9 et cristal"},"content":{"rendered":"","protected":false},"excerpt":{"rendered":"<p>confiturier ancien en m\u00e9tal argent\u00e9 poin\u00e7onn\u00e9 et cristal,en tr\u00e8s bon \u00e9tat,hauteur sans poign\u00e9e:8.5cm,diametre:12.5cm<\/p>\n","protected":false},"featured_media":14386,"comment_status":"closed","ping_status":"closed","template":"","meta":{"_et_pb_use_builder":"","_et_pb_old_content":"","_et_gb_content_width":""},"product_cat":[13,10],"product_tag":[],"_links":{"self":[{"href":"https:\/\/marneantic.com\/index.php\/wp-json\/wp\/v2\/product\/14385"}],"collection":[{"href":"https:\/\/marneantic.com\/index.php\/wp-json\/wp\/v2\/product"}],"about":[{"href":"https:\/\/marneantic.com\/index.php\/wp-json\/wp\/v2\/types\/product"}],"replies":[{"embeddable":true,"href":"https:\/\/marneantic.com\/index.php\/wp-json\/wp\/v2\/comments?post=14385"}],"wp:featuredmedia":[{"embeddable":true,"href":"https:\/\/marneantic.com\/index.php\/wp-json\/wp\/v2\/media\/14386"}],"wp:attachment":[{"href":"https:\/\/marneantic.com\/index.php\/wp-json\/wp\/v2\/media?parent=14385"}],"wp:term":[{"taxonomy":"product_cat","embeddable":true,"href":"https:\/\/marneantic.com\/index.php\/wp-json\/wp\/v2\/product_cat?post=14385"},{"taxonomy":"product_tag","embeddable":true,"href":"https:\/\/marneantic.com\/index.php\/wp-json\/wp\/v2\/product_tag?post=14385"}],"curies":[{"name":"wp","href":"https:\/\/api.w.org\/{rel}","templated":true}]}}