{"id":14526,"date":"2021-06-27T15:01:26","date_gmt":"2021-06-27T14:01:26","guid":{"rendered":"https:\/\/marneantic.com\/?post_type=product&#038;p=14526"},"modified":"2021-06-27T15:11:19","modified_gmt":"2021-06-27T14:11:19","slug":"presse-papier-de-a-jouer-en-acier-patine","status":"publish","type":"product","link":"https:\/\/marneantic.com\/index.php\/produit\/presse-papier-de-a-jouer-en-acier-patine\/","title":{"rendered":"Presse-papier d\u00e9 a jouer en acier patin\u00e9"},"content":{"rendered":"","protected":false},"excerpt":{"rendered":"<p>Presse papier d\u00e9 a jouer ancien en acier patin\u00e9 aspect bronze,en bon \u00e9tat,dimensions:10x6cm,hauteur:8.5cm<\/p>\n","protected":false},"featured_media":14529,"comment_status":"closed","ping_status":"closed","template":"","meta":{"_et_pb_use_builder":"","_et_pb_old_content":"","_et_gb_content_width":""},"product_cat":[14,8],"product_tag":[],"_links":{"self":[{"href":"https:\/\/marneantic.com\/index.php\/wp-json\/wp\/v2\/product\/14526"}],"collection":[{"href":"https:\/\/marneantic.com\/index.php\/wp-json\/wp\/v2\/product"}],"about":[{"href":"https:\/\/marneantic.com\/index.php\/wp-json\/wp\/v2\/types\/product"}],"replies":[{"embeddable":true,"href":"https:\/\/marneantic.com\/index.php\/wp-json\/wp\/v2\/comments?post=14526"}],"wp:featuredmedia":[{"embeddable":true,"href":"https:\/\/marneantic.com\/index.php\/wp-json\/wp\/v2\/media\/14529"}],"wp:attachment":[{"href":"https:\/\/marneantic.com\/index.php\/wp-json\/wp\/v2\/media?parent=14526"}],"wp:term":[{"taxonomy":"product_cat","embeddable":true,"href":"https:\/\/marneantic.com\/index.php\/wp-json\/wp\/v2\/product_cat?post=14526"},{"taxonomy":"product_tag","embeddable":true,"href":"https:\/\/marneantic.com\/index.php\/wp-json\/wp\/v2\/product_tag?post=14526"}],"curies":[{"name":"wp","href":"https:\/\/api.w.org\/{rel}","templated":true}]}}