{"id":14615,"date":"2021-08-16T10:27:19","date_gmt":"2021-08-16T09:27:19","guid":{"rendered":"https:\/\/marneantic.com\/?post_type=product&#038;p=14615"},"modified":"2021-08-16T10:37:11","modified_gmt":"2021-08-16T09:37:11","slug":"cadre-ancien-en-chene-travaille","status":"publish","type":"product","link":"https:\/\/marneantic.com\/index.php\/produit\/cadre-ancien-en-chene-travaille\/","title":{"rendered":"Cadre ancien en ch\u00eane travaill\u00e9"},"content":{"rendered":"","protected":false},"excerpt":{"rendered":"<p>Cadre ancien en ch\u00eane travaill\u00e9 en tr\u00e8s bon \u00e9tat,avec verre et photo de poilu guerre 1914\/18<br \/>\ndimensions:51.5x45cm<br \/>\ndimensions utiles:42.5&#215;35.5cm<\/p>\n","protected":false},"featured_media":14616,"comment_status":"open","ping_status":"closed","template":"","meta":{"_et_pb_use_builder":"","_et_pb_old_content":"","_et_gb_content_width":""},"product_cat":[8],"product_tag":[],"_links":{"self":[{"href":"https:\/\/marneantic.com\/index.php\/wp-json\/wp\/v2\/product\/14615"}],"collection":[{"href":"https:\/\/marneantic.com\/index.php\/wp-json\/wp\/v2\/product"}],"about":[{"href":"https:\/\/marneantic.com\/index.php\/wp-json\/wp\/v2\/types\/product"}],"replies":[{"embeddable":true,"href":"https:\/\/marneantic.com\/index.php\/wp-json\/wp\/v2\/comments?post=14615"}],"wp:featuredmedia":[{"embeddable":true,"href":"https:\/\/marneantic.com\/index.php\/wp-json\/wp\/v2\/media\/14616"}],"wp:attachment":[{"href":"https:\/\/marneantic.com\/index.php\/wp-json\/wp\/v2\/media?parent=14615"}],"wp:term":[{"taxonomy":"product_cat","embeddable":true,"href":"https:\/\/marneantic.com\/index.php\/wp-json\/wp\/v2\/product_cat?post=14615"},{"taxonomy":"product_tag","embeddable":true,"href":"https:\/\/marneantic.com\/index.php\/wp-json\/wp\/v2\/product_tag?post=14615"}],"curies":[{"name":"wp","href":"https:\/\/api.w.org\/{rel}","templated":true}]}}