{"id":14706,"date":"2021-08-21T16:17:04","date_gmt":"2021-08-21T15:17:04","guid":{"rendered":"https:\/\/marneantic.com\/?post_type=product&#038;p=14706"},"modified":"2022-09-30T22:03:16","modified_gmt":"2022-09-30T21:03:16","slug":"tasse-a-cafe-ancienne-en-porcelaine-limoges-2","status":"publish","type":"product","link":"https:\/\/marneantic.com\/index.php\/produit\/tasse-a-cafe-ancienne-en-porcelaine-limoges-2\/","title":{"rendered":"Tasse \u00e0 caf\u00e9 ancienne en porcelaine Limoges"},"content":{"rendered":"","protected":false},"excerpt":{"rendered":"<p><span style=\"font-family: Arial;\">Tasse \u00e0 caf\u00e9 ancienne en porcelaine Limoges,manufacture Tipo vers 1960,en tr\u00e8s bon \u00e9tat<\/span><\/p>\n<div><span style=\"font-family: Arial;\">hauteur:5.5cm<\/span><\/div>\n<div><span style=\"font-family: Arial;\">diametre:6.3cm<\/span><\/div>\n<div>diam\u00e8tre soucoupe:12.2cm<\/div>\n","protected":false},"featured_media":14707,"comment_status":"closed","ping_status":"closed","template":"","meta":{"_et_pb_use_builder":"","_et_pb_old_content":"","_et_gb_content_width":""},"product_cat":[26,7],"product_tag":[],"_links":{"self":[{"href":"https:\/\/marneantic.com\/index.php\/wp-json\/wp\/v2\/product\/14706"}],"collection":[{"href":"https:\/\/marneantic.com\/index.php\/wp-json\/wp\/v2\/product"}],"about":[{"href":"https:\/\/marneantic.com\/index.php\/wp-json\/wp\/v2\/types\/product"}],"replies":[{"embeddable":true,"href":"https:\/\/marneantic.com\/index.php\/wp-json\/wp\/v2\/comments?post=14706"}],"wp:featuredmedia":[{"embeddable":true,"href":"https:\/\/marneantic.com\/index.php\/wp-json\/wp\/v2\/media\/14707"}],"wp:attachment":[{"href":"https:\/\/marneantic.com\/index.php\/wp-json\/wp\/v2\/media?parent=14706"}],"wp:term":[{"taxonomy":"product_cat","embeddable":true,"href":"https:\/\/marneantic.com\/index.php\/wp-json\/wp\/v2\/product_cat?post=14706"},{"taxonomy":"product_tag","embeddable":true,"href":"https:\/\/marneantic.com\/index.php\/wp-json\/wp\/v2\/product_tag?post=14706"}],"curies":[{"name":"wp","href":"https:\/\/api.w.org\/{rel}","templated":true}]}}