{"id":14773,"date":"2021-08-27T14:44:50","date_gmt":"2021-08-27T13:44:50","guid":{"rendered":"https:\/\/marneantic.com\/?post_type=product&#038;p=14773"},"modified":"2021-08-27T14:50:02","modified_gmt":"2021-08-27T13:50:02","slug":"assiette-plate-art-deco-ancienne-en-faience-de-creil-montereau-modele-oeillets","status":"publish","type":"product","link":"https:\/\/marneantic.com\/index.php\/produit\/assiette-plate-art-deco-ancienne-en-faience-de-creil-montereau-modele-oeillets\/","title":{"rendered":"Assiette plate art-d\u00e9co ancienne en fa\u00efence de Creil Montereau, mod\u00e8le \u0153illets"},"content":{"rendered":"","protected":false},"excerpt":{"rendered":"<p>assiette plate art-d\u00e9co ancienne en fa\u00efence de Creil Montereau, mod\u00e8le \u0153illets,en tr\u00e8s bon \u00e9tat,fond couleur cr\u00e8me sans taches,diametre:23.5cm<\/p>\n","protected":false},"featured_media":14774,"comment_status":"open","ping_status":"closed","template":"","meta":{"_et_pb_use_builder":"","_et_pb_old_content":"","_et_gb_content_width":""},"product_cat":[44,27,7],"product_tag":[],"_links":{"self":[{"href":"https:\/\/marneantic.com\/index.php\/wp-json\/wp\/v2\/product\/14773"}],"collection":[{"href":"https:\/\/marneantic.com\/index.php\/wp-json\/wp\/v2\/product"}],"about":[{"href":"https:\/\/marneantic.com\/index.php\/wp-json\/wp\/v2\/types\/product"}],"replies":[{"embeddable":true,"href":"https:\/\/marneantic.com\/index.php\/wp-json\/wp\/v2\/comments?post=14773"}],"wp:featuredmedia":[{"embeddable":true,"href":"https:\/\/marneantic.com\/index.php\/wp-json\/wp\/v2\/media\/14774"}],"wp:attachment":[{"href":"https:\/\/marneantic.com\/index.php\/wp-json\/wp\/v2\/media?parent=14773"}],"wp:term":[{"taxonomy":"product_cat","embeddable":true,"href":"https:\/\/marneantic.com\/index.php\/wp-json\/wp\/v2\/product_cat?post=14773"},{"taxonomy":"product_tag","embeddable":true,"href":"https:\/\/marneantic.com\/index.php\/wp-json\/wp\/v2\/product_tag?post=14773"}],"curies":[{"name":"wp","href":"https:\/\/api.w.org\/{rel}","templated":true}]}}