{"id":14820,"date":"2021-08-31T16:41:10","date_gmt":"2021-08-31T15:41:10","guid":{"rendered":"https:\/\/marneantic.com\/?post_type=product&#038;p=14820"},"modified":"2021-08-31T16:41:11","modified_gmt":"2021-08-31T15:41:11","slug":"benitier-napiii-en-emaux-cloisonnes-et-onyx","status":"publish","type":"product","link":"https:\/\/marneantic.com\/index.php\/produit\/benitier-napiii-en-emaux-cloisonnes-et-onyx\/","title":{"rendered":"B\u00e9nitier NapIII en \u00e9maux cloisonn\u00e9s et onyx"},"content":{"rendered":"","protected":false},"excerpt":{"rendered":"<p>B\u00e9nitier NapIII en \u00e9maux cloisonn\u00e9s et onyx mont\u00e9 sur laiton,en tr\u00e8s bon \u00e9tat,complet avec son couvercle,hauteur:11cm,largeur:7.3cm<\/p>\n","protected":false},"featured_media":14821,"comment_status":"open","ping_status":"closed","template":"","meta":{"_et_pb_use_builder":"","_et_pb_old_content":"","_et_gb_content_width":""},"product_cat":[14],"product_tag":[],"_links":{"self":[{"href":"https:\/\/marneantic.com\/index.php\/wp-json\/wp\/v2\/product\/14820"}],"collection":[{"href":"https:\/\/marneantic.com\/index.php\/wp-json\/wp\/v2\/product"}],"about":[{"href":"https:\/\/marneantic.com\/index.php\/wp-json\/wp\/v2\/types\/product"}],"replies":[{"embeddable":true,"href":"https:\/\/marneantic.com\/index.php\/wp-json\/wp\/v2\/comments?post=14820"}],"wp:featuredmedia":[{"embeddable":true,"href":"https:\/\/marneantic.com\/index.php\/wp-json\/wp\/v2\/media\/14821"}],"wp:attachment":[{"href":"https:\/\/marneantic.com\/index.php\/wp-json\/wp\/v2\/media?parent=14820"}],"wp:term":[{"taxonomy":"product_cat","embeddable":true,"href":"https:\/\/marneantic.com\/index.php\/wp-json\/wp\/v2\/product_cat?post=14820"},{"taxonomy":"product_tag","embeddable":true,"href":"https:\/\/marneantic.com\/index.php\/wp-json\/wp\/v2\/product_tag?post=14820"}],"curies":[{"name":"wp","href":"https:\/\/api.w.org\/{rel}","templated":true}]}}