{"id":14860,"date":"2021-09-06T15:37:02","date_gmt":"2021-09-06T14:37:02","guid":{"rendered":"https:\/\/marneantic.com\/?post_type=product&#038;p=14860"},"modified":"2021-09-06T15:47:14","modified_gmt":"2021-09-06T14:47:14","slug":"pichet-ancien-en-barbotine","status":"publish","type":"product","link":"https:\/\/marneantic.com\/index.php\/produit\/pichet-ancien-en-barbotine\/","title":{"rendered":"Pichet ancien en barbotine"},"content":{"rendered":"","protected":false},"excerpt":{"rendered":"<p>pichet ancien en barbotine a d\u00e9cor floral,en tr\u00e8s bon \u00e9tat,hauteur:18.5cm,diametre 11cm hors poign\u00e9e et bec,num\u00e9rot\u00e9 741,aucune marque de fabrique<\/p>\n","protected":false},"featured_media":14861,"comment_status":"open","ping_status":"closed","template":"","meta":{"_et_pb_use_builder":"","_et_pb_old_content":"","_et_gb_content_width":""},"product_cat":[13,28,7],"product_tag":[],"_links":{"self":[{"href":"https:\/\/marneantic.com\/index.php\/wp-json\/wp\/v2\/product\/14860"}],"collection":[{"href":"https:\/\/marneantic.com\/index.php\/wp-json\/wp\/v2\/product"}],"about":[{"href":"https:\/\/marneantic.com\/index.php\/wp-json\/wp\/v2\/types\/product"}],"replies":[{"embeddable":true,"href":"https:\/\/marneantic.com\/index.php\/wp-json\/wp\/v2\/comments?post=14860"}],"wp:featuredmedia":[{"embeddable":true,"href":"https:\/\/marneantic.com\/index.php\/wp-json\/wp\/v2\/media\/14861"}],"wp:attachment":[{"href":"https:\/\/marneantic.com\/index.php\/wp-json\/wp\/v2\/media?parent=14860"}],"wp:term":[{"taxonomy":"product_cat","embeddable":true,"href":"https:\/\/marneantic.com\/index.php\/wp-json\/wp\/v2\/product_cat?post=14860"},{"taxonomy":"product_tag","embeddable":true,"href":"https:\/\/marneantic.com\/index.php\/wp-json\/wp\/v2\/product_tag?post=14860"}],"curies":[{"name":"wp","href":"https:\/\/api.w.org\/{rel}","templated":true}]}}