{"id":1488,"date":"2016-05-13T16:24:08","date_gmt":"2016-05-13T15:24:08","guid":{"rendered":"http:\/\/marneantic.com\/index.php\/produit\/baccaratpetit-verre-gobelet-ancien\/"},"modified":"2026-04-26T08:09:18","modified_gmt":"2026-04-26T07:09:18","slug":"baccaratpetit-verre-gobelet-ancien","status":"publish","type":"product","link":"https:\/\/marneantic.com\/index.php\/produit\/baccaratpetit-verre-gobelet-ancien\/","title":{"rendered":"BACCARAT:petit verre gobelet ancien"},"content":{"rendered":"","protected":false},"excerpt":{"rendered":"<p>Verre gobelet ancien en cristal de Baccarat,non estampill\u00e9 production ant\u00e9rieur a 1936,ref:catalogue Baccarat 1907-1908 page 59,ref taille 7743,en tr\u00e8s bon \u00e9tat,hauteur:6.7cm,diametre:4.5cm<\/p>\n","protected":false},"featured_media":1489,"comment_status":"closed","ping_status":"closed","template":"","meta":{"_et_pb_use_builder":"","_et_pb_old_content":"","_et_gb_content_width":""},"product_cat":[10,30,11],"product_tag":[],"_links":{"self":[{"href":"https:\/\/marneantic.com\/index.php\/wp-json\/wp\/v2\/product\/1488"}],"collection":[{"href":"https:\/\/marneantic.com\/index.php\/wp-json\/wp\/v2\/product"}],"about":[{"href":"https:\/\/marneantic.com\/index.php\/wp-json\/wp\/v2\/types\/product"}],"replies":[{"embeddable":true,"href":"https:\/\/marneantic.com\/index.php\/wp-json\/wp\/v2\/comments?post=1488"}],"wp:featuredmedia":[{"embeddable":true,"href":"https:\/\/marneantic.com\/index.php\/wp-json\/wp\/v2\/media\/1489"}],"wp:attachment":[{"href":"https:\/\/marneantic.com\/index.php\/wp-json\/wp\/v2\/media?parent=1488"}],"wp:term":[{"taxonomy":"product_cat","embeddable":true,"href":"https:\/\/marneantic.com\/index.php\/wp-json\/wp\/v2\/product_cat?post=1488"},{"taxonomy":"product_tag","embeddable":true,"href":"https:\/\/marneantic.com\/index.php\/wp-json\/wp\/v2\/product_tag?post=1488"}],"curies":[{"name":"wp","href":"https:\/\/api.w.org\/{rel}","templated":true}]}}