{"id":14883,"date":"2021-09-07T15:55:11","date_gmt":"2021-09-07T14:55:11","guid":{"rendered":"https:\/\/marneantic.com\/?post_type=product&#038;p=14883"},"modified":"2021-09-07T16:06:31","modified_gmt":"2021-09-07T15:06:31","slug":"porte-pics-vintage-en-ceramique-annees-60","status":"publish","type":"product","link":"https:\/\/marneantic.com\/index.php\/produit\/porte-pics-vintage-en-ceramique-annees-60\/","title":{"rendered":"Porte-pics vintage en c\u00e9ramique ann\u00e9es 60&prime;"},"content":{"rendered":"","protected":false},"excerpt":{"rendered":"<p><span style=\"font-family: Arial;\">porte-pics ancien en c\u00e9ramique ann\u00e9es 60&prime; repr\u00e9sentant un seau a charbon et sa pelle ,avec 9 pics,en tr\u00e8s bon \u00e9tat,longueur9.5cm,largeur:8.5cm,hauteur hors pics:8.5cm,aucune marque de fabrique<\/span><\/p>\n<div><\/div>\n","protected":false},"featured_media":14884,"comment_status":"closed","ping_status":"closed","template":"","meta":{"_et_pb_use_builder":"","_et_pb_old_content":"","_et_gb_content_width":""},"product_cat":[13,10,16],"product_tag":[],"_links":{"self":[{"href":"https:\/\/marneantic.com\/index.php\/wp-json\/wp\/v2\/product\/14883"}],"collection":[{"href":"https:\/\/marneantic.com\/index.php\/wp-json\/wp\/v2\/product"}],"about":[{"href":"https:\/\/marneantic.com\/index.php\/wp-json\/wp\/v2\/types\/product"}],"replies":[{"embeddable":true,"href":"https:\/\/marneantic.com\/index.php\/wp-json\/wp\/v2\/comments?post=14883"}],"wp:featuredmedia":[{"embeddable":true,"href":"https:\/\/marneantic.com\/index.php\/wp-json\/wp\/v2\/media\/14884"}],"wp:attachment":[{"href":"https:\/\/marneantic.com\/index.php\/wp-json\/wp\/v2\/media?parent=14883"}],"wp:term":[{"taxonomy":"product_cat","embeddable":true,"href":"https:\/\/marneantic.com\/index.php\/wp-json\/wp\/v2\/product_cat?post=14883"},{"taxonomy":"product_tag","embeddable":true,"href":"https:\/\/marneantic.com\/index.php\/wp-json\/wp\/v2\/product_tag?post=14883"}],"curies":[{"name":"wp","href":"https:\/\/api.w.org\/{rel}","templated":true}]}}