{"id":14917,"date":"2021-09-08T15:17:38","date_gmt":"2021-09-08T14:17:38","guid":{"rendered":"https:\/\/marneantic.com\/?post_type=product&#038;p=14917"},"modified":"2021-09-08T15:20:11","modified_gmt":"2021-09-08T14:20:11","slug":"grand-verre-emaille-ancien-decor-de-narcisse","status":"publish","type":"product","link":"https:\/\/marneantic.com\/index.php\/produit\/grand-verre-emaille-ancien-decor-de-narcisse\/","title":{"rendered":"Grand verre \u00e9maill\u00e9 ancien, d\u00e9cor de narcisse"},"content":{"rendered":"","protected":false},"excerpt":{"rendered":"<p>Grand verre \u00e9maill\u00e9 ancien, d\u00e9cor de narcisse en bon \u00e9tat,hauteur:14.2cm,diametre:7.5cm<\/p>\n","protected":false},"featured_media":14918,"comment_status":"closed","ping_status":"closed","template":"","meta":{"_et_pb_use_builder":"","_et_pb_old_content":"","_et_gb_content_width":""},"product_cat":[10,14,11],"product_tag":[],"_links":{"self":[{"href":"https:\/\/marneantic.com\/index.php\/wp-json\/wp\/v2\/product\/14917"}],"collection":[{"href":"https:\/\/marneantic.com\/index.php\/wp-json\/wp\/v2\/product"}],"about":[{"href":"https:\/\/marneantic.com\/index.php\/wp-json\/wp\/v2\/types\/product"}],"replies":[{"embeddable":true,"href":"https:\/\/marneantic.com\/index.php\/wp-json\/wp\/v2\/comments?post=14917"}],"wp:featuredmedia":[{"embeddable":true,"href":"https:\/\/marneantic.com\/index.php\/wp-json\/wp\/v2\/media\/14918"}],"wp:attachment":[{"href":"https:\/\/marneantic.com\/index.php\/wp-json\/wp\/v2\/media?parent=14917"}],"wp:term":[{"taxonomy":"product_cat","embeddable":true,"href":"https:\/\/marneantic.com\/index.php\/wp-json\/wp\/v2\/product_cat?post=14917"},{"taxonomy":"product_tag","embeddable":true,"href":"https:\/\/marneantic.com\/index.php\/wp-json\/wp\/v2\/product_tag?post=14917"}],"curies":[{"name":"wp","href":"https:\/\/api.w.org\/{rel}","templated":true}]}}