{"id":14922,"date":"2021-09-11T15:45:30","date_gmt":"2021-09-11T14:45:30","guid":{"rendered":"https:\/\/marneantic.com\/?post_type=product&#038;p=14922"},"modified":"2021-09-11T15:52:24","modified_gmt":"2021-09-11T14:52:24","slug":"cadre-annees-50-en-bois-aspect-peau-de-serpent","status":"publish","type":"product","link":"https:\/\/marneantic.com\/index.php\/produit\/cadre-annees-50-en-bois-aspect-peau-de-serpent\/","title":{"rendered":"Cadre ann\u00e9es 50&prime; en bois, aspect peau de serpent"},"content":{"rendered":"","protected":false},"excerpt":{"rendered":"<p>Cadre ann\u00e9es 50&prime; en bois avec verre, aspect peau de serpent,en tr\u00e8s bon \u00e9tat,a accrocher ou a poser<br \/>\nhauteur:22.8cm<br \/>\nlargeur:17.8cm<br \/>\ndimensions utiles:18.2&#215;13.2cm<\/p>\n","protected":false},"featured_media":14923,"comment_status":"open","ping_status":"closed","template":"","meta":{"_et_pb_use_builder":"","_et_pb_old_content":"","_et_gb_content_width":""},"product_cat":[8],"product_tag":[],"_links":{"self":[{"href":"https:\/\/marneantic.com\/index.php\/wp-json\/wp\/v2\/product\/14922"}],"collection":[{"href":"https:\/\/marneantic.com\/index.php\/wp-json\/wp\/v2\/product"}],"about":[{"href":"https:\/\/marneantic.com\/index.php\/wp-json\/wp\/v2\/types\/product"}],"replies":[{"embeddable":true,"href":"https:\/\/marneantic.com\/index.php\/wp-json\/wp\/v2\/comments?post=14922"}],"wp:featuredmedia":[{"embeddable":true,"href":"https:\/\/marneantic.com\/index.php\/wp-json\/wp\/v2\/media\/14923"}],"wp:attachment":[{"href":"https:\/\/marneantic.com\/index.php\/wp-json\/wp\/v2\/media?parent=14922"}],"wp:term":[{"taxonomy":"product_cat","embeddable":true,"href":"https:\/\/marneantic.com\/index.php\/wp-json\/wp\/v2\/product_cat?post=14922"},{"taxonomy":"product_tag","embeddable":true,"href":"https:\/\/marneantic.com\/index.php\/wp-json\/wp\/v2\/product_tag?post=14922"}],"curies":[{"name":"wp","href":"https:\/\/api.w.org\/{rel}","templated":true}]}}