{"id":14971,"date":"2021-09-13T16:40:26","date_gmt":"2021-09-13T15:40:26","guid":{"rendered":"https:\/\/marneantic.com\/?post_type=product&#038;p=14971"},"modified":"2021-09-13T16:44:26","modified_gmt":"2021-09-13T15:44:26","slug":"pichet-a-lait-en-faience-anglaise-furnivals-quail","status":"publish","type":"product","link":"https:\/\/marneantic.com\/index.php\/produit\/pichet-a-lait-en-faience-anglaise-furnivals-quail\/","title":{"rendered":"Pichet a lait en fa\u00efence Anglaise Furnivals Quail"},"content":{"rendered":"","protected":false},"excerpt":{"rendered":"<p>Pichet a lait en fa\u00efence Anglaise Furnivals Quail,en tr\u00e8s bon \u00e9tat,hauteur:7cm,largeur:7.5cm,longueur:9.2cm hors poign\u00e9e et bec<\/p>\n","protected":false},"featured_media":14972,"comment_status":"open","ping_status":"closed","template":"","meta":{"_et_pb_use_builder":"","_et_pb_old_content":"","_et_gb_content_width":""},"product_cat":[26,7],"product_tag":[],"_links":{"self":[{"href":"https:\/\/marneantic.com\/index.php\/wp-json\/wp\/v2\/product\/14971"}],"collection":[{"href":"https:\/\/marneantic.com\/index.php\/wp-json\/wp\/v2\/product"}],"about":[{"href":"https:\/\/marneantic.com\/index.php\/wp-json\/wp\/v2\/types\/product"}],"replies":[{"embeddable":true,"href":"https:\/\/marneantic.com\/index.php\/wp-json\/wp\/v2\/comments?post=14971"}],"wp:featuredmedia":[{"embeddable":true,"href":"https:\/\/marneantic.com\/index.php\/wp-json\/wp\/v2\/media\/14972"}],"wp:attachment":[{"href":"https:\/\/marneantic.com\/index.php\/wp-json\/wp\/v2\/media?parent=14971"}],"wp:term":[{"taxonomy":"product_cat","embeddable":true,"href":"https:\/\/marneantic.com\/index.php\/wp-json\/wp\/v2\/product_cat?post=14971"},{"taxonomy":"product_tag","embeddable":true,"href":"https:\/\/marneantic.com\/index.php\/wp-json\/wp\/v2\/product_tag?post=14971"}],"curies":[{"name":"wp","href":"https:\/\/api.w.org\/{rel}","templated":true}]}}