{"id":15122,"date":"2021-09-27T13:49:05","date_gmt":"2021-09-27T12:49:05","guid":{"rendered":"https:\/\/marneantic.com\/?post_type=product&#038;p=15122"},"modified":"2021-09-27T13:55:34","modified_gmt":"2021-09-27T12:55:34","slug":"poudrier-ancien-en-laiton-cisele","status":"publish","type":"product","link":"https:\/\/marneantic.com\/index.php\/produit\/poudrier-ancien-en-laiton-cisele\/","title":{"rendered":"Poudrier ancien en laiton cisel\u00e9"},"content":{"rendered":"","protected":false},"excerpt":{"rendered":"<p>Poudrier ancien en laiton cisel\u00e9 a d\u00e9cor v\u00e9g\u00e9tal et papillons en bon \u00e9tat(traces d&rsquo;usage),complet,diametre:7.8cm,hauteur:0.8cm<\/p>\n","protected":false},"featured_media":15123,"comment_status":"open","ping_status":"closed","template":"","meta":{"_et_pb_use_builder":"","_et_pb_old_content":"","_et_gb_content_width":""},"product_cat":[14],"product_tag":[],"_links":{"self":[{"href":"https:\/\/marneantic.com\/index.php\/wp-json\/wp\/v2\/product\/15122"}],"collection":[{"href":"https:\/\/marneantic.com\/index.php\/wp-json\/wp\/v2\/product"}],"about":[{"href":"https:\/\/marneantic.com\/index.php\/wp-json\/wp\/v2\/types\/product"}],"replies":[{"embeddable":true,"href":"https:\/\/marneantic.com\/index.php\/wp-json\/wp\/v2\/comments?post=15122"}],"wp:featuredmedia":[{"embeddable":true,"href":"https:\/\/marneantic.com\/index.php\/wp-json\/wp\/v2\/media\/15123"}],"wp:attachment":[{"href":"https:\/\/marneantic.com\/index.php\/wp-json\/wp\/v2\/media?parent=15122"}],"wp:term":[{"taxonomy":"product_cat","embeddable":true,"href":"https:\/\/marneantic.com\/index.php\/wp-json\/wp\/v2\/product_cat?post=15122"},{"taxonomy":"product_tag","embeddable":true,"href":"https:\/\/marneantic.com\/index.php\/wp-json\/wp\/v2\/product_tag?post=15122"}],"curies":[{"name":"wp","href":"https:\/\/api.w.org\/{rel}","templated":true}]}}