{"id":15132,"date":"2021-09-27T14:32:23","date_gmt":"2021-09-27T13:32:23","guid":{"rendered":"https:\/\/marneantic.com\/?post_type=product&#038;p=15132"},"modified":"2025-03-29T08:47:47","modified_gmt":"2025-03-29T07:47:47","slug":"tasse-a-the-ancienne-en-porcelaine-de-limoges-2","status":"publish","type":"product","link":"https:\/\/marneantic.com\/index.php\/produit\/tasse-a-the-ancienne-en-porcelaine-de-limoges-2\/","title":{"rendered":"Tasse a th\u00e9 ancienne en porcelaine de Limoges"},"content":{"rendered":"","protected":false},"excerpt":{"rendered":"<p><span style=\"font-size: large;\">tasse a th\u00e9 ancienne en porcelaine de Limoges, manufacture Bernardaud vers 1920 en tr\u00e8s bon \u00e9tat<\/span><\/p>\n<div><span style=\"font-size: large;\">tasse hauteur:5cm<\/span><\/div>\n<div><span style=\"font-size: large;\">diametre:8.5cm<\/span><\/div>\n<div><span style=\"font-size: large;\">diam\u00e8tre soucoupe:14cm<\/span><\/div>\n","protected":false},"featured_media":15133,"comment_status":"closed","ping_status":"closed","template":"","meta":{"_et_pb_use_builder":"","_et_pb_old_content":"","_et_gb_content_width":""},"product_cat":[26,7],"product_tag":[],"_links":{"self":[{"href":"https:\/\/marneantic.com\/index.php\/wp-json\/wp\/v2\/product\/15132"}],"collection":[{"href":"https:\/\/marneantic.com\/index.php\/wp-json\/wp\/v2\/product"}],"about":[{"href":"https:\/\/marneantic.com\/index.php\/wp-json\/wp\/v2\/types\/product"}],"replies":[{"embeddable":true,"href":"https:\/\/marneantic.com\/index.php\/wp-json\/wp\/v2\/comments?post=15132"}],"wp:featuredmedia":[{"embeddable":true,"href":"https:\/\/marneantic.com\/index.php\/wp-json\/wp\/v2\/media\/15133"}],"wp:attachment":[{"href":"https:\/\/marneantic.com\/index.php\/wp-json\/wp\/v2\/media?parent=15132"}],"wp:term":[{"taxonomy":"product_cat","embeddable":true,"href":"https:\/\/marneantic.com\/index.php\/wp-json\/wp\/v2\/product_cat?post=15132"},{"taxonomy":"product_tag","embeddable":true,"href":"https:\/\/marneantic.com\/index.php\/wp-json\/wp\/v2\/product_tag?post=15132"}],"curies":[{"name":"wp","href":"https:\/\/api.w.org\/{rel}","templated":true}]}}