{"id":15141,"date":"2021-09-28T13:06:16","date_gmt":"2021-09-28T12:06:16","guid":{"rendered":"https:\/\/marneantic.com\/?post_type=product&#038;p=15141"},"modified":"2021-09-28T13:08:09","modified_gmt":"2021-09-28T12:08:09","slug":"lampe-a-petrole-ancienne-9","status":"publish","type":"product","link":"https:\/\/marneantic.com\/index.php\/produit\/lampe-a-petrole-ancienne-9\/","title":{"rendered":"Lampe a p\u00e9trole ancienne"},"content":{"rendered":"","protected":false},"excerpt":{"rendered":"<p>lampe \u00e0 p\u00e9trole ancienne, en bon \u00e9tat(il manque le verre, diam\u00e8tre a la base 5.5cm) pied en bronze avec bague en marbre et r\u00e9servoir en verre<\/p>\n<p>hauteur totale:34cm<\/p>\n<p>diam\u00e8tre du r\u00e9servoir:13.5cm<\/p>\n","protected":false},"featured_media":15142,"comment_status":"open","ping_status":"closed","template":"","meta":{"_et_pb_use_builder":"","_et_pb_old_content":"","_et_gb_content_width":""},"product_cat":[8],"product_tag":[],"_links":{"self":[{"href":"https:\/\/marneantic.com\/index.php\/wp-json\/wp\/v2\/product\/15141"}],"collection":[{"href":"https:\/\/marneantic.com\/index.php\/wp-json\/wp\/v2\/product"}],"about":[{"href":"https:\/\/marneantic.com\/index.php\/wp-json\/wp\/v2\/types\/product"}],"replies":[{"embeddable":true,"href":"https:\/\/marneantic.com\/index.php\/wp-json\/wp\/v2\/comments?post=15141"}],"wp:featuredmedia":[{"embeddable":true,"href":"https:\/\/marneantic.com\/index.php\/wp-json\/wp\/v2\/media\/15142"}],"wp:attachment":[{"href":"https:\/\/marneantic.com\/index.php\/wp-json\/wp\/v2\/media?parent=15141"}],"wp:term":[{"taxonomy":"product_cat","embeddable":true,"href":"https:\/\/marneantic.com\/index.php\/wp-json\/wp\/v2\/product_cat?post=15141"},{"taxonomy":"product_tag","embeddable":true,"href":"https:\/\/marneantic.com\/index.php\/wp-json\/wp\/v2\/product_tag?post=15141"}],"curies":[{"name":"wp","href":"https:\/\/api.w.org\/{rel}","templated":true}]}}