{"id":15220,"date":"2021-10-13T14:29:19","date_gmt":"2021-10-13T13:29:19","guid":{"rendered":"https:\/\/marneantic.com\/?post_type=product&#038;p=15220"},"modified":"2021-10-13T14:34:50","modified_gmt":"2021-10-13T13:34:50","slug":"verre-a-liqueur-emaille-ancien-2","status":"publish","type":"product","link":"https:\/\/marneantic.com\/index.php\/produit\/verre-a-liqueur-emaille-ancien-2\/","title":{"rendered":"Verre \u00e0 liqueur \u00e9maill\u00e9 ancien"},"content":{"rendered":"","protected":false},"excerpt":{"rendered":"<table style=\"height: 9px;\" width=\"1030\" align=\"center\">\n<tbody>\n<tr>\n<td>\n<div id=\"ds_div\">Verre \u00e0 liqueur \u00e9maill\u00e9 ancien forme chope en bon \u00e9tat(pr\u00e9sence de micro \u00e9grenures sur le rebord),hauteur:5.2cm,diametre:3.2cm<\/div>\n<\/td>\n<\/tr>\n<\/tbody>\n<\/table>\n","protected":false},"featured_media":15221,"comment_status":"closed","ping_status":"closed","template":"","meta":{"_et_pb_use_builder":"","_et_pb_old_content":"","_et_gb_content_width":""},"product_cat":[14,11],"product_tag":[],"_links":{"self":[{"href":"https:\/\/marneantic.com\/index.php\/wp-json\/wp\/v2\/product\/15220"}],"collection":[{"href":"https:\/\/marneantic.com\/index.php\/wp-json\/wp\/v2\/product"}],"about":[{"href":"https:\/\/marneantic.com\/index.php\/wp-json\/wp\/v2\/types\/product"}],"replies":[{"embeddable":true,"href":"https:\/\/marneantic.com\/index.php\/wp-json\/wp\/v2\/comments?post=15220"}],"wp:featuredmedia":[{"embeddable":true,"href":"https:\/\/marneantic.com\/index.php\/wp-json\/wp\/v2\/media\/15221"}],"wp:attachment":[{"href":"https:\/\/marneantic.com\/index.php\/wp-json\/wp\/v2\/media?parent=15220"}],"wp:term":[{"taxonomy":"product_cat","embeddable":true,"href":"https:\/\/marneantic.com\/index.php\/wp-json\/wp\/v2\/product_cat?post=15220"},{"taxonomy":"product_tag","embeddable":true,"href":"https:\/\/marneantic.com\/index.php\/wp-json\/wp\/v2\/product_tag?post=15220"}],"curies":[{"name":"wp","href":"https:\/\/api.w.org\/{rel}","templated":true}]}}