{"id":15237,"date":"2021-10-14T13:47:00","date_gmt":"2021-10-14T12:47:00","guid":{"rendered":"https:\/\/marneantic.com\/?post_type=product&#038;p=15237"},"modified":"2021-10-14T13:58:23","modified_gmt":"2021-10-14T12:58:23","slug":"plat-a-gateau-ou-entremet-ancien-en-porcelaine-peinte-de-limoges","status":"publish","type":"product","link":"https:\/\/marneantic.com\/index.php\/produit\/plat-a-gateau-ou-entremet-ancien-en-porcelaine-peinte-de-limoges\/","title":{"rendered":"Plat a g\u00e2teau ou entremet ancien en porcelaine peinte de Limoges"},"content":{"rendered":"","protected":false},"excerpt":{"rendered":"<p><span style=\"font-family: Arial; font-size: large;\">Plat a g\u00e2teau ou entremet ancien en porcelaine peinte de Limoges,manufacture Michelaud Lucien vers 1910 a d\u00e9cor de p\u00eaches sign\u00e9 JAN, en bon \u00e9tat, quelques traces d&rsquo;usage<\/span><\/p>\n<div><span style=\"font-family: Arial; font-size: large;\">diametre:28.5cm hors poign\u00e9es<\/span><\/div>\n<div><span style=\"font-family: Arial; font-size: large;\">hauteur:3cm<\/span><\/div>\n","protected":false},"featured_media":15238,"comment_status":"closed","ping_status":"closed","template":"","meta":{"_et_pb_use_builder":"","_et_pb_old_content":"","_et_gb_content_width":""},"product_cat":[28,7],"product_tag":[],"_links":{"self":[{"href":"https:\/\/marneantic.com\/index.php\/wp-json\/wp\/v2\/product\/15237"}],"collection":[{"href":"https:\/\/marneantic.com\/index.php\/wp-json\/wp\/v2\/product"}],"about":[{"href":"https:\/\/marneantic.com\/index.php\/wp-json\/wp\/v2\/types\/product"}],"replies":[{"embeddable":true,"href":"https:\/\/marneantic.com\/index.php\/wp-json\/wp\/v2\/comments?post=15237"}],"wp:featuredmedia":[{"embeddable":true,"href":"https:\/\/marneantic.com\/index.php\/wp-json\/wp\/v2\/media\/15238"}],"wp:attachment":[{"href":"https:\/\/marneantic.com\/index.php\/wp-json\/wp\/v2\/media?parent=15237"}],"wp:term":[{"taxonomy":"product_cat","embeddable":true,"href":"https:\/\/marneantic.com\/index.php\/wp-json\/wp\/v2\/product_cat?post=15237"},{"taxonomy":"product_tag","embeddable":true,"href":"https:\/\/marneantic.com\/index.php\/wp-json\/wp\/v2\/product_tag?post=15237"}],"curies":[{"name":"wp","href":"https:\/\/api.w.org\/{rel}","templated":true}]}}