{"id":15242,"date":"2021-10-14T14:32:47","date_gmt":"2021-10-14T13:32:47","guid":{"rendered":"https:\/\/marneantic.com\/?post_type=product&#038;p=15242"},"modified":"2021-10-14T14:38:16","modified_gmt":"2021-10-14T13:38:16","slug":"coupe-sur-pied-ancienne-en-verre-moule-4","status":"publish","type":"product","link":"https:\/\/marneantic.com\/index.php\/produit\/coupe-sur-pied-ancienne-en-verre-moule-4\/","title":{"rendered":"Coupe sur pied ancienne en verre moul\u00e9"},"content":{"rendered":"","protected":false},"excerpt":{"rendered":"<p>coupe sur pied ancienne en verre moul\u00e9, en bon \u00e9tat,hauteur:10cm,diam\u00e8tre:13.5cm,diam\u00e8tre du pied:7.3cm<\/p>\n","protected":false},"featured_media":15243,"comment_status":"closed","ping_status":"closed","template":"","meta":{"_et_pb_use_builder":"","_et_pb_old_content":"","_et_gb_content_width":""},"product_cat":[13,10,14,8,11],"product_tag":[],"_links":{"self":[{"href":"https:\/\/marneantic.com\/index.php\/wp-json\/wp\/v2\/product\/15242"}],"collection":[{"href":"https:\/\/marneantic.com\/index.php\/wp-json\/wp\/v2\/product"}],"about":[{"href":"https:\/\/marneantic.com\/index.php\/wp-json\/wp\/v2\/types\/product"}],"replies":[{"embeddable":true,"href":"https:\/\/marneantic.com\/index.php\/wp-json\/wp\/v2\/comments?post=15242"}],"wp:featuredmedia":[{"embeddable":true,"href":"https:\/\/marneantic.com\/index.php\/wp-json\/wp\/v2\/media\/15243"}],"wp:attachment":[{"href":"https:\/\/marneantic.com\/index.php\/wp-json\/wp\/v2\/media?parent=15242"}],"wp:term":[{"taxonomy":"product_cat","embeddable":true,"href":"https:\/\/marneantic.com\/index.php\/wp-json\/wp\/v2\/product_cat?post=15242"},{"taxonomy":"product_tag","embeddable":true,"href":"https:\/\/marneantic.com\/index.php\/wp-json\/wp\/v2\/product_tag?post=15242"}],"curies":[{"name":"wp","href":"https:\/\/api.w.org\/{rel}","templated":true}]}}