{"id":15252,"date":"2021-10-15T12:57:48","date_gmt":"2021-10-15T11:57:48","guid":{"rendered":"https:\/\/marneantic.com\/?post_type=product&#038;p=15252"},"modified":"2021-10-15T13:08:40","modified_gmt":"2021-10-15T12:08:40","slug":"grand-flacon-ancien-en-cristal-taille-bouchon-rouge","status":"publish","type":"product","link":"https:\/\/marneantic.com\/index.php\/produit\/grand-flacon-ancien-en-cristal-taille-bouchon-rouge\/","title":{"rendered":"Grand flacon ancien en cristal taill\u00e9, bouchon rouge"},"content":{"rendered":"","protected":false},"excerpt":{"rendered":"<p>Grand flacon ancien en cristal taill\u00e9, bouchon rouge, en tr\u00e8s bon \u00e9tat sans \u00e9clats, hauteur totale:23cm,diametre:8cm,aucune marque de fabrique<\/p>\n","protected":false},"featured_media":15253,"comment_status":"closed","ping_status":"closed","template":"","meta":{"_et_pb_use_builder":"","_et_pb_old_content":"","_et_gb_content_width":""},"product_cat":[14,8],"product_tag":[],"_links":{"self":[{"href":"https:\/\/marneantic.com\/index.php\/wp-json\/wp\/v2\/product\/15252"}],"collection":[{"href":"https:\/\/marneantic.com\/index.php\/wp-json\/wp\/v2\/product"}],"about":[{"href":"https:\/\/marneantic.com\/index.php\/wp-json\/wp\/v2\/types\/product"}],"replies":[{"embeddable":true,"href":"https:\/\/marneantic.com\/index.php\/wp-json\/wp\/v2\/comments?post=15252"}],"wp:featuredmedia":[{"embeddable":true,"href":"https:\/\/marneantic.com\/index.php\/wp-json\/wp\/v2\/media\/15253"}],"wp:attachment":[{"href":"https:\/\/marneantic.com\/index.php\/wp-json\/wp\/v2\/media?parent=15252"}],"wp:term":[{"taxonomy":"product_cat","embeddable":true,"href":"https:\/\/marneantic.com\/index.php\/wp-json\/wp\/v2\/product_cat?post=15252"},{"taxonomy":"product_tag","embeddable":true,"href":"https:\/\/marneantic.com\/index.php\/wp-json\/wp\/v2\/product_tag?post=15252"}],"curies":[{"name":"wp","href":"https:\/\/api.w.org\/{rel}","templated":true}]}}