{"id":15284,"date":"2021-10-17T15:35:00","date_gmt":"2021-10-17T14:35:00","guid":{"rendered":"https:\/\/marneantic.com\/?post_type=product&#038;p=15284"},"modified":"2026-01-29T11:27:01","modified_gmt":"2026-01-29T10:27:01","slug":"tasse-the-art-deco-ancienne-en-porcelaine-de-limoges","status":"publish","type":"product","link":"https:\/\/marneantic.com\/index.php\/produit\/tasse-the-art-deco-ancienne-en-porcelaine-de-limoges\/","title":{"rendered":"Tasse th\u00e9 art-d\u00e9co ancienne en porcelaine de Limoges"},"content":{"rendered":"","protected":false},"excerpt":{"rendered":"<p><span style=\"font-family: Arial;\">Tasse \u00e0 caf\u00e9 art-d\u00e9co ancienne en porcelaine de Limoges, en bon \u00e9tat (usure de la dorure par endroits sur les rebords)\u00a0<\/span><\/p>\n<div><span style=\"font-family: Arial;\">hauteur:5.5cm<\/span><\/div>\n<div><span style=\"font-family: Arial;\">diametre:8.5cm<\/span><\/div>\n<div>diam\u00e8tre soucoupe:14.4cm<\/div>\n","protected":false},"featured_media":15285,"comment_status":"closed","ping_status":"closed","template":"","meta":{"_et_pb_use_builder":"","_et_pb_old_content":"","_et_gb_content_width":""},"product_cat":[44,26,7],"product_tag":[],"_links":{"self":[{"href":"https:\/\/marneantic.com\/index.php\/wp-json\/wp\/v2\/product\/15284"}],"collection":[{"href":"https:\/\/marneantic.com\/index.php\/wp-json\/wp\/v2\/product"}],"about":[{"href":"https:\/\/marneantic.com\/index.php\/wp-json\/wp\/v2\/types\/product"}],"replies":[{"embeddable":true,"href":"https:\/\/marneantic.com\/index.php\/wp-json\/wp\/v2\/comments?post=15284"}],"wp:featuredmedia":[{"embeddable":true,"href":"https:\/\/marneantic.com\/index.php\/wp-json\/wp\/v2\/media\/15285"}],"wp:attachment":[{"href":"https:\/\/marneantic.com\/index.php\/wp-json\/wp\/v2\/media?parent=15284"}],"wp:term":[{"taxonomy":"product_cat","embeddable":true,"href":"https:\/\/marneantic.com\/index.php\/wp-json\/wp\/v2\/product_cat?post=15284"},{"taxonomy":"product_tag","embeddable":true,"href":"https:\/\/marneantic.com\/index.php\/wp-json\/wp\/v2\/product_tag?post=15284"}],"curies":[{"name":"wp","href":"https:\/\/api.w.org\/{rel}","templated":true}]}}