{"id":15293,"date":"2021-10-17T16:14:48","date_gmt":"2021-10-17T15:14:48","guid":{"rendered":"https:\/\/marneantic.com\/?post_type=product&#038;p=15293"},"modified":"2021-10-17T16:22:29","modified_gmt":"2021-10-17T15:22:29","slug":"cendrier-publicitaire-ancien-cognac-brugerolle-forme-de","status":"publish","type":"product","link":"https:\/\/marneantic.com\/index.php\/produit\/cendrier-publicitaire-ancien-cognac-brugerolle-forme-de\/","title":{"rendered":"cendrier publicitaire ancien cognac \u00ab\u00a0Brugerolle\u00a0\u00bb forme d\u00e9"},"content":{"rendered":"","protected":false},"excerpt":{"rendered":"<p><span style=\"font-family: Arial;\">cendrier publicitaire ancien en c\u00e9ramique: cognac \u00ab\u00a0Brugerolle\u00a0\u00bb forme d\u00e9, en tr\u00e8s bon \u00e9tat,7cm de cot\u00e9<\/span><\/p>\n<p>&nbsp;<\/p>\n","protected":false},"featured_media":15294,"comment_status":"closed","ping_status":"closed","template":"","meta":{"_et_pb_use_builder":"","_et_pb_old_content":"","_et_gb_content_width":""},"product_cat":[15],"product_tag":[],"_links":{"self":[{"href":"https:\/\/marneantic.com\/index.php\/wp-json\/wp\/v2\/product\/15293"}],"collection":[{"href":"https:\/\/marneantic.com\/index.php\/wp-json\/wp\/v2\/product"}],"about":[{"href":"https:\/\/marneantic.com\/index.php\/wp-json\/wp\/v2\/types\/product"}],"replies":[{"embeddable":true,"href":"https:\/\/marneantic.com\/index.php\/wp-json\/wp\/v2\/comments?post=15293"}],"wp:featuredmedia":[{"embeddable":true,"href":"https:\/\/marneantic.com\/index.php\/wp-json\/wp\/v2\/media\/15294"}],"wp:attachment":[{"href":"https:\/\/marneantic.com\/index.php\/wp-json\/wp\/v2\/media?parent=15293"}],"wp:term":[{"taxonomy":"product_cat","embeddable":true,"href":"https:\/\/marneantic.com\/index.php\/wp-json\/wp\/v2\/product_cat?post=15293"},{"taxonomy":"product_tag","embeddable":true,"href":"https:\/\/marneantic.com\/index.php\/wp-json\/wp\/v2\/product_tag?post=15293"}],"curies":[{"name":"wp","href":"https:\/\/api.w.org\/{rel}","templated":true}]}}