{"id":15297,"date":"2021-10-17T16:24:21","date_gmt":"2021-10-17T15:24:21","guid":{"rendered":"https:\/\/marneantic.com\/?post_type=product&#038;p=15297"},"modified":"2021-10-17T16:30:04","modified_gmt":"2021-10-17T15:30:04","slug":"pichet-a-lait-ancien-en-porcelaine-de-paris-jacques-franck","status":"publish","type":"product","link":"https:\/\/marneantic.com\/index.php\/produit\/pichet-a-lait-ancien-en-porcelaine-de-paris-jacques-franck\/","title":{"rendered":"Pichet a lait ancien en porcelaine de Paris-jacques Franck"},"content":{"rendered":"","protected":false},"excerpt":{"rendered":"<p><span style=\"color: #666666;\"><span style=\"font-family: Arial;\">Pichet a lait ancien en porcelaine de Paris-jacques Franck-rue St Honor\u00e9 a d\u00e9cor de vigne vierge en tr\u00e8s bon \u00e9tat<\/span><\/span><\/p>\n<div><span style=\"font-family: Arial;\">hauteur :9cm<\/span><\/div>\n<div><span style=\"font-family: Arial;\">diametre:9cm <\/span>hors poign\u00e9e<\/div>\n","protected":false},"featured_media":15298,"comment_status":"closed","ping_status":"closed","template":"","meta":{"_et_pb_use_builder":"","_et_pb_old_content":"","_et_gb_content_width":""},"product_cat":[26,7],"product_tag":[],"_links":{"self":[{"href":"https:\/\/marneantic.com\/index.php\/wp-json\/wp\/v2\/product\/15297"}],"collection":[{"href":"https:\/\/marneantic.com\/index.php\/wp-json\/wp\/v2\/product"}],"about":[{"href":"https:\/\/marneantic.com\/index.php\/wp-json\/wp\/v2\/types\/product"}],"replies":[{"embeddable":true,"href":"https:\/\/marneantic.com\/index.php\/wp-json\/wp\/v2\/comments?post=15297"}],"wp:featuredmedia":[{"embeddable":true,"href":"https:\/\/marneantic.com\/index.php\/wp-json\/wp\/v2\/media\/15298"}],"wp:attachment":[{"href":"https:\/\/marneantic.com\/index.php\/wp-json\/wp\/v2\/media?parent=15297"}],"wp:term":[{"taxonomy":"product_cat","embeddable":true,"href":"https:\/\/marneantic.com\/index.php\/wp-json\/wp\/v2\/product_cat?post=15297"},{"taxonomy":"product_tag","embeddable":true,"href":"https:\/\/marneantic.com\/index.php\/wp-json\/wp\/v2\/product_tag?post=15297"}],"curies":[{"name":"wp","href":"https:\/\/api.w.org\/{rel}","templated":true}]}}