{"id":1533,"date":"2016-05-19T14:22:52","date_gmt":"2016-05-19T13:22:52","guid":{"rendered":"http:\/\/marneantic.com\/index.php\/produit\/assiette-en-faience-de-quimper-2\/"},"modified":"2016-05-19T14:28:21","modified_gmt":"2016-05-19T13:28:21","slug":"assiette-en-faience-de-quimper-2","status":"publish","type":"product","link":"https:\/\/marneantic.com\/index.php\/produit\/assiette-en-faience-de-quimper-2\/","title":{"rendered":"Assiette en fa\u00efence de Quimper"},"content":{"rendered":"","protected":false},"excerpt":{"rendered":"<p>Assiette en fa\u00efence de Quimper,HB,en parfait \u00e9tat<\/p>\n","protected":false},"featured_media":1534,"comment_status":"closed","ping_status":"closed","template":"","meta":{"_et_pb_use_builder":"","_et_pb_old_content":"","_et_gb_content_width":""},"product_cat":[14,8],"product_tag":[],"_links":{"self":[{"href":"https:\/\/marneantic.com\/index.php\/wp-json\/wp\/v2\/product\/1533"}],"collection":[{"href":"https:\/\/marneantic.com\/index.php\/wp-json\/wp\/v2\/product"}],"about":[{"href":"https:\/\/marneantic.com\/index.php\/wp-json\/wp\/v2\/types\/product"}],"replies":[{"embeddable":true,"href":"https:\/\/marneantic.com\/index.php\/wp-json\/wp\/v2\/comments?post=1533"}],"wp:featuredmedia":[{"embeddable":true,"href":"https:\/\/marneantic.com\/index.php\/wp-json\/wp\/v2\/media\/1534"}],"wp:attachment":[{"href":"https:\/\/marneantic.com\/index.php\/wp-json\/wp\/v2\/media?parent=1533"}],"wp:term":[{"taxonomy":"product_cat","embeddable":true,"href":"https:\/\/marneantic.com\/index.php\/wp-json\/wp\/v2\/product_cat?post=1533"},{"taxonomy":"product_tag","embeddable":true,"href":"https:\/\/marneantic.com\/index.php\/wp-json\/wp\/v2\/product_tag?post=1533"}],"curies":[{"name":"wp","href":"https:\/\/api.w.org\/{rel}","templated":true}]}}