{"id":15340,"date":"2021-10-20T14:25:17","date_gmt":"2021-10-20T13:25:17","guid":{"rendered":"https:\/\/marneantic.com\/?post_type=product&#038;p=15340"},"modified":"2021-10-20T14:31:44","modified_gmt":"2021-10-20T13:31:44","slug":"pichet-a-lait-cremier-ancien-en-metal-argente-anglais","status":"publish","type":"product","link":"https:\/\/marneantic.com\/index.php\/produit\/pichet-a-lait-cremier-ancien-en-metal-argente-anglais\/","title":{"rendered":"pichet a lait\/cr\u00e9mier ancien en m\u00e9tal argent\u00e9 anglais"},"content":{"rendered":"","protected":false},"excerpt":{"rendered":"<p>pichet a lait\/cr\u00e9mier ancien en m\u00e9tal argent\u00e9 anglais, orf\u00e8vrerie Leonard, en tr\u00e8s bon \u00e9tat,hauteur:7cm,largeur:8cm hors poign\u00e9e et bec<\/p>\n","protected":false},"featured_media":15341,"comment_status":"open","ping_status":"closed","template":"","meta":{"_et_pb_use_builder":"","_et_pb_old_content":"","_et_gb_content_width":""},"product_cat":[12,10,26],"product_tag":[],"_links":{"self":[{"href":"https:\/\/marneantic.com\/index.php\/wp-json\/wp\/v2\/product\/15340"}],"collection":[{"href":"https:\/\/marneantic.com\/index.php\/wp-json\/wp\/v2\/product"}],"about":[{"href":"https:\/\/marneantic.com\/index.php\/wp-json\/wp\/v2\/types\/product"}],"replies":[{"embeddable":true,"href":"https:\/\/marneantic.com\/index.php\/wp-json\/wp\/v2\/comments?post=15340"}],"wp:featuredmedia":[{"embeddable":true,"href":"https:\/\/marneantic.com\/index.php\/wp-json\/wp\/v2\/media\/15341"}],"wp:attachment":[{"href":"https:\/\/marneantic.com\/index.php\/wp-json\/wp\/v2\/media?parent=15340"}],"wp:term":[{"taxonomy":"product_cat","embeddable":true,"href":"https:\/\/marneantic.com\/index.php\/wp-json\/wp\/v2\/product_cat?post=15340"},{"taxonomy":"product_tag","embeddable":true,"href":"https:\/\/marneantic.com\/index.php\/wp-json\/wp\/v2\/product_tag?post=15340"}],"curies":[{"name":"wp","href":"https:\/\/api.w.org\/{rel}","templated":true}]}}