{"id":15358,"date":"2021-10-25T14:19:07","date_gmt":"2021-10-25T13:19:07","guid":{"rendered":"https:\/\/marneantic.com\/?post_type=product&#038;p=15358"},"modified":"2021-10-25T14:26:07","modified_gmt":"2021-10-25T13:26:07","slug":"bonbonniere-ancienne-en-porcelaine-de-limoges-3","status":"publish","type":"product","link":"https:\/\/marneantic.com\/index.php\/produit\/bonbonniere-ancienne-en-porcelaine-de-limoges-3\/","title":{"rendered":"Bonbonni\u00e8re ancienne en porcelaine de Limoges"},"content":{"rendered":"","protected":false},"excerpt":{"rendered":"<p>Bonbonni\u00e8re ancienne en porcelaine de Limoges, d\u00e9cor romantique, en tr\u00e8s bon \u00e9tat,diametre:14.5cm,hauteur:6cm<\/p>\n","protected":false},"featured_media":15359,"comment_status":"closed","ping_status":"closed","template":"","meta":{"_et_pb_use_builder":"","_et_pb_old_content":"","_et_gb_content_width":""},"product_cat":[14],"product_tag":[],"_links":{"self":[{"href":"https:\/\/marneantic.com\/index.php\/wp-json\/wp\/v2\/product\/15358"}],"collection":[{"href":"https:\/\/marneantic.com\/index.php\/wp-json\/wp\/v2\/product"}],"about":[{"href":"https:\/\/marneantic.com\/index.php\/wp-json\/wp\/v2\/types\/product"}],"replies":[{"embeddable":true,"href":"https:\/\/marneantic.com\/index.php\/wp-json\/wp\/v2\/comments?post=15358"}],"wp:featuredmedia":[{"embeddable":true,"href":"https:\/\/marneantic.com\/index.php\/wp-json\/wp\/v2\/media\/15359"}],"wp:attachment":[{"href":"https:\/\/marneantic.com\/index.php\/wp-json\/wp\/v2\/media?parent=15358"}],"wp:term":[{"taxonomy":"product_cat","embeddable":true,"href":"https:\/\/marneantic.com\/index.php\/wp-json\/wp\/v2\/product_cat?post=15358"},{"taxonomy":"product_tag","embeddable":true,"href":"https:\/\/marneantic.com\/index.php\/wp-json\/wp\/v2\/product_tag?post=15358"}],"curies":[{"name":"wp","href":"https:\/\/api.w.org\/{rel}","templated":true}]}}