{"id":15369,"date":"2021-10-25T15:25:06","date_gmt":"2021-10-25T14:25:06","guid":{"rendered":"https:\/\/marneantic.com\/?post_type=product&#038;p=15369"},"modified":"2021-10-25T15:32:33","modified_gmt":"2021-10-25T14:32:33","slug":"soupiere-ancienne-en-faience-de-st-uze-2","status":"publish","type":"product","link":"https:\/\/marneantic.com\/index.php\/produit\/soupiere-ancienne-en-faience-de-st-uze-2\/","title":{"rendered":"Soupi\u00e8re ancienne en fa\u00efence de st-Uze"},"content":{"rendered":"","protected":false},"excerpt":{"rendered":"<p>Soupi\u00e8re ancienne en fa\u00efence de st-Uze, en tr\u00e8s bon \u00e9tat, diam\u00e8tre hors poign\u00e9es:19.5cm,hauteur avec couvercle:16cm<\/p>\n","protected":false},"featured_media":15370,"comment_status":"open","ping_status":"closed","template":"","meta":{"_et_pb_use_builder":"","_et_pb_old_content":"","_et_gb_content_width":""},"product_cat":[28,7],"product_tag":[],"_links":{"self":[{"href":"https:\/\/marneantic.com\/index.php\/wp-json\/wp\/v2\/product\/15369"}],"collection":[{"href":"https:\/\/marneantic.com\/index.php\/wp-json\/wp\/v2\/product"}],"about":[{"href":"https:\/\/marneantic.com\/index.php\/wp-json\/wp\/v2\/types\/product"}],"replies":[{"embeddable":true,"href":"https:\/\/marneantic.com\/index.php\/wp-json\/wp\/v2\/comments?post=15369"}],"wp:featuredmedia":[{"embeddable":true,"href":"https:\/\/marneantic.com\/index.php\/wp-json\/wp\/v2\/media\/15370"}],"wp:attachment":[{"href":"https:\/\/marneantic.com\/index.php\/wp-json\/wp\/v2\/media?parent=15369"}],"wp:term":[{"taxonomy":"product_cat","embeddable":true,"href":"https:\/\/marneantic.com\/index.php\/wp-json\/wp\/v2\/product_cat?post=15369"},{"taxonomy":"product_tag","embeddable":true,"href":"https:\/\/marneantic.com\/index.php\/wp-json\/wp\/v2\/product_tag?post=15369"}],"curies":[{"name":"wp","href":"https:\/\/api.w.org\/{rel}","templated":true}]}}