{"id":15409,"date":"2021-10-27T15:14:16","date_gmt":"2021-10-27T14:14:16","guid":{"rendered":"https:\/\/marneantic.com\/?post_type=product&#038;p=15409"},"modified":"2021-10-27T15:14:16","modified_gmt":"2021-10-27T14:14:16","slug":"boite-a-plumes-nap-iii-papier-mache","status":"publish","type":"product","link":"https:\/\/marneantic.com\/index.php\/produit\/boite-a-plumes-nap-iii-papier-mache\/","title":{"rendered":"Bo\u00eete \u00e0 plumes Nap III papier m\u00e2ch\u00e9"},"content":{"rendered":"","protected":false},"excerpt":{"rendered":"<p><span style=\"font-family: Arial;\">Bo\u00eete \u00e0 plumes Nap III\u00a0 en papier m\u00e2ch\u00e9 en bon \u00e9tat(traces d&rsquo;usure aux angles et rebords)contient 19 plumes anciennes<\/span><\/p>\n<div><span style=\"font-family: Arial;\">longueur:11cm<\/span><\/div>\n<div><span style=\"font-family: Arial;\">largeur:5cm<\/span><\/div>\n<div><span style=\"font-family: Arial;\">hauteur:3cm<\/span><\/div>\n","protected":false},"featured_media":15410,"comment_status":"open","ping_status":"closed","template":"","meta":{"_et_pb_use_builder":"","_et_pb_old_content":"","_et_gb_content_width":""},"product_cat":[14],"product_tag":[],"_links":{"self":[{"href":"https:\/\/marneantic.com\/index.php\/wp-json\/wp\/v2\/product\/15409"}],"collection":[{"href":"https:\/\/marneantic.com\/index.php\/wp-json\/wp\/v2\/product"}],"about":[{"href":"https:\/\/marneantic.com\/index.php\/wp-json\/wp\/v2\/types\/product"}],"replies":[{"embeddable":true,"href":"https:\/\/marneantic.com\/index.php\/wp-json\/wp\/v2\/comments?post=15409"}],"wp:featuredmedia":[{"embeddable":true,"href":"https:\/\/marneantic.com\/index.php\/wp-json\/wp\/v2\/media\/15410"}],"wp:attachment":[{"href":"https:\/\/marneantic.com\/index.php\/wp-json\/wp\/v2\/media?parent=15409"}],"wp:term":[{"taxonomy":"product_cat","embeddable":true,"href":"https:\/\/marneantic.com\/index.php\/wp-json\/wp\/v2\/product_cat?post=15409"},{"taxonomy":"product_tag","embeddable":true,"href":"https:\/\/marneantic.com\/index.php\/wp-json\/wp\/v2\/product_tag?post=15409"}],"curies":[{"name":"wp","href":"https:\/\/api.w.org\/{rel}","templated":true}]}}